{"id":2906,"date":"2023-08-01T23:14:42","date_gmt":"2023-08-02T02:14:42","guid":{"rendered":"https:\/\/hcrepresentation.com\/?post_type=product&#038;p=2906"},"modified":"2024-11-13T10:24:33","modified_gmt":"2024-11-13T13:24:33","slug":"repos-almond-scrub-medium-abrasion-8-45-fl-oz-250g","status":"publish","type":"product","link":"https:\/\/hcrepresentations.com\/es\/producto\/repos-almond-scrub-medium-abrasion-8-45-fl-oz-250g\/","title":{"rendered":"Exfoliante de Almendras Repos (Abrasi\u00f3n Media) 250g (8.45 fl oz)"},"content":{"rendered":"","protected":false},"excerpt":{"rendered":"<p>El Exfoliante de Almendras Repos contiene almendras molidas en su formulaci\u00f3n, que no s\u00f3lo exfolian la piel, sino que tambi\u00e9n la regeneran y le aportan suavidad.<\/p>\n<p>La mayor\u00eda de los antioxidantes se encuentran en la c\u00e1scara de la almendra, y sus beneficios para la piel son asombrosos. Por este motivo, Repos utiliza almendras molidas en su exfoliante.<\/p>\n<p>Los granos de almendra molidos han sido especialmente tratados y formulados para proteger la piel contra el estr\u00e9s oxidativo, creando una protecci\u00f3n m\u00e1s eficaz contra los rayos UV y previniendo el envejecimiento prematuro de la piel.<\/p>","protected":false},"featured_media":3141,"comment_status":"closed","ping_status":"closed","template":"","meta":[],"product_brand":[],"product_cat":[106],"product_tag":[],"class_list":{"0":"post-2906","1":"product","2":"type-product","3":"status-publish","4":"has-post-thumbnail","6":"product_cat-repos","8":"first","9":"instock","10":"taxable","11":"shipping-taxable","12":"purchasable","13":"product-type-simple"},"_links":{"self":[{"href":"https:\/\/hcrepresentations.com\/es\/wp-json\/wp\/v2\/product\/2906","targetHints":{"allow":["GET"]}}],"collection":[{"href":"https:\/\/hcrepresentations.com\/es\/wp-json\/wp\/v2\/product"}],"about":[{"href":"https:\/\/hcrepresentations.com\/es\/wp-json\/wp\/v2\/types\/product"}],"replies":[{"embeddable":true,"href":"https:\/\/hcrepresentations.com\/es\/wp-json\/wp\/v2\/comments?post=2906"}],"wp:featuredmedia":[{"embeddable":true,"href":"https:\/\/hcrepresentations.com\/es\/wp-json\/wp\/v2\/media\/3141"}],"wp:attachment":[{"href":"https:\/\/hcrepresentations.com\/es\/wp-json\/wp\/v2\/media?parent=2906"}],"wp:term":[{"taxonomy":"product_brand","embeddable":true,"href":"https:\/\/hcrepresentations.com\/es\/wp-json\/wp\/v2\/product_brand?post=2906"},{"taxonomy":"product_cat","embeddable":true,"href":"https:\/\/hcrepresentations.com\/es\/wp-json\/wp\/v2\/product_cat?post=2906"},{"taxonomy":"product_tag","embeddable":true,"href":"https:\/\/hcrepresentations.com\/es\/wp-json\/wp\/v2\/product_tag?post=2906"}],"curies":[{"name":"wp","href":"https:\/\/api.w.org\/{rel}","templated":true}]}}