{"id":2908,"date":"2023-08-01T23:14:42","date_gmt":"2023-08-02T02:14:42","guid":{"rendered":"https:\/\/hcrepresentation.com\/?post_type=product&#038;p=2908"},"modified":"2026-04-18T07:36:45","modified_gmt":"2026-04-18T10:36:45","slug":"cuticle-and-callus-softener-5-07-fl-oz-150ml","status":"publish","type":"product","link":"https:\/\/hcrepresentations.com\/es\/producto\/cuticle-and-callus-softener-5-07-fl-oz-150ml\/","title":{"rendered":"Ablan\u00e7ador de cut\u00edculas y callosidades 5.07 fl oz (150 ml)"},"content":{"rendered":"","protected":false},"excerpt":{"rendered":"<p>El l\u00edquido suavizante de cut\u00edculas y callosidades, contrariamente a lo que muchos piensan, no es un producto \u00e1cido sino alcalino. Su acci\u00f3n oxidante y emoliente se debe a la combinaci\u00f3n de varios ingredientes, todos ellos destinados a la bioseguridad y la salud de nuestros consumidores. En las pruebas realizadas, Repos l\u00edquido no mostr\u00f3 ning\u00fan tipo de reacci\u00f3n al\u00e9rgica en individuos sanos, mujeres embarazadas o personas con diabetes. No obstante, en caso de duda, siempre es mejor consultar al m\u00e9dico antes de utilizarlo.<\/p>","protected":false},"featured_media":3136,"comment_status":"closed","ping_status":"closed","template":"","meta":[],"product_brand":[],"product_cat":[106],"product_tag":[],"class_list":{"0":"post-2908","1":"product","2":"type-product","3":"status-publish","4":"has-post-thumbnail","6":"product_cat-repos","8":"first","9":"instock","10":"taxable","11":"shipping-taxable","12":"purchasable","13":"product-type-simple"},"_links":{"self":[{"href":"https:\/\/hcrepresentations.com\/es\/wp-json\/wp\/v2\/product\/2908","targetHints":{"allow":["GET"]}}],"collection":[{"href":"https:\/\/hcrepresentations.com\/es\/wp-json\/wp\/v2\/product"}],"about":[{"href":"https:\/\/hcrepresentations.com\/es\/wp-json\/wp\/v2\/types\/product"}],"replies":[{"embeddable":true,"href":"https:\/\/hcrepresentations.com\/es\/wp-json\/wp\/v2\/comments?post=2908"}],"wp:featuredmedia":[{"embeddable":true,"href":"https:\/\/hcrepresentations.com\/es\/wp-json\/wp\/v2\/media\/3136"}],"wp:attachment":[{"href":"https:\/\/hcrepresentations.com\/es\/wp-json\/wp\/v2\/media?parent=2908"}],"wp:term":[{"taxonomy":"product_brand","embeddable":true,"href":"https:\/\/hcrepresentations.com\/es\/wp-json\/wp\/v2\/product_brand?post=2908"},{"taxonomy":"product_cat","embeddable":true,"href":"https:\/\/hcrepresentations.com\/es\/wp-json\/wp\/v2\/product_cat?post=2908"},{"taxonomy":"product_tag","embeddable":true,"href":"https:\/\/hcrepresentations.com\/es\/wp-json\/wp\/v2\/product_tag?post=2908"}],"curies":[{"name":"wp","href":"https:\/\/api.w.org\/{rel}","templated":true}]}}