{"id":2911,"date":"2023-08-01T23:14:42","date_gmt":"2023-08-02T02:14:42","guid":{"rendered":"https:\/\/hcrepresentation.com\/?post_type=product&#038;p=2911"},"modified":"2026-04-15T17:18:14","modified_gmt":"2026-04-15T20:18:14","slug":"repos-urea-hands-and-feet-cream-17-64-fl-oz-500g","status":"publish","type":"product","link":"https:\/\/hcrepresentations.com\/es\/producto\/repos-urea-hands-and-feet-cream-17-64-fl-oz-500g\/","title":{"rendered":"Crema para manos y pies con urea, 17,64 fl oz (500 g)"},"content":{"rendered":"","protected":false},"excerpt":{"rendered":"<p>La Crema de Manos y Pies Repos hidrata y suaviza la piel, previniendo la sequedad y eliminando asperezas y grietas, proporcionando una sensaci\u00f3n de suavidad, confort y frescor. \u00a1Conozcamos un poco m\u00e1s sobre esta maravillosa crema! La urea es un componente org\u00e1nico que forma parte del factor natural de hidrataci\u00f3n. Cuando se aplica t\u00f3picamente, aumenta la capacidad de la piel para retener agua, promoviendo una mayor hidrataci\u00f3n del tejido y reduciendo el grosor de la piel.<\/p>","protected":false},"featured_media":3145,"comment_status":"closed","ping_status":"closed","template":"","meta":[],"product_brand":[],"product_cat":[106],"product_tag":[],"class_list":{"0":"post-2911","1":"product","2":"type-product","3":"status-publish","4":"has-post-thumbnail","6":"product_cat-repos","8":"first","9":"instock","10":"taxable","11":"shipping-taxable","12":"purchasable","13":"product-type-simple"},"_links":{"self":[{"href":"https:\/\/hcrepresentations.com\/es\/wp-json\/wp\/v2\/product\/2911","targetHints":{"allow":["GET"]}}],"collection":[{"href":"https:\/\/hcrepresentations.com\/es\/wp-json\/wp\/v2\/product"}],"about":[{"href":"https:\/\/hcrepresentations.com\/es\/wp-json\/wp\/v2\/types\/product"}],"replies":[{"embeddable":true,"href":"https:\/\/hcrepresentations.com\/es\/wp-json\/wp\/v2\/comments?post=2911"}],"wp:featuredmedia":[{"embeddable":true,"href":"https:\/\/hcrepresentations.com\/es\/wp-json\/wp\/v2\/media\/3145"}],"wp:attachment":[{"href":"https:\/\/hcrepresentations.com\/es\/wp-json\/wp\/v2\/media?parent=2911"}],"wp:term":[{"taxonomy":"product_brand","embeddable":true,"href":"https:\/\/hcrepresentations.com\/es\/wp-json\/wp\/v2\/product_brand?post=2911"},{"taxonomy":"product_cat","embeddable":true,"href":"https:\/\/hcrepresentations.com\/es\/wp-json\/wp\/v2\/product_cat?post=2911"},{"taxonomy":"product_tag","embeddable":true,"href":"https:\/\/hcrepresentations.com\/es\/wp-json\/wp\/v2\/product_tag?post=2911"}],"curies":[{"name":"wp","href":"https:\/\/api.w.org\/{rel}","templated":true}]}}