{"id":2922,"date":"2023-08-01T23:14:43","date_gmt":"2023-08-02T02:14:43","guid":{"rendered":"https:\/\/hcrepresentation.com\/product\/tea-tree-oil-repos\/"},"modified":"2024-11-13T10:24:33","modified_gmt":"2024-11-13T13:24:33","slug":"tea-tree-oil-repos","status":"publish","type":"product","link":"https:\/\/hcrepresentations.com\/es\/producto\/tea-tree-oil-repos\/","title":{"rendered":"Aceite del \u00c1rbol del T\u00e9 Rep\u00f3s"},"content":{"rendered":"","protected":false},"excerpt":{"rendered":"<p>Tea Tree Oil Rep\u00f3s est\u00e1 destinado a proteger y ayudar en el tratamiento contra hongos e infecciones f\u00fangicas. MODO DE EMPLEO: Aplicar con un cepillo sobre las u\u00f1as. Para obtener resultados eficaces, debe utilizarse diariamente durante 2 meses o seg\u00fan sea necesario.<\/p>","protected":false},"featured_media":2923,"comment_status":"closed","ping_status":"closed","template":"","meta":[],"product_brand":[],"product_cat":[106],"product_tag":[],"class_list":{"0":"post-2922","1":"product","2":"type-product","3":"status-publish","4":"has-post-thumbnail","6":"product_cat-repos","8":"first","9":"instock","10":"taxable","11":"shipping-taxable","12":"purchasable","13":"product-type-simple"},"_links":{"self":[{"href":"https:\/\/hcrepresentations.com\/es\/wp-json\/wp\/v2\/product\/2922","targetHints":{"allow":["GET"]}}],"collection":[{"href":"https:\/\/hcrepresentations.com\/es\/wp-json\/wp\/v2\/product"}],"about":[{"href":"https:\/\/hcrepresentations.com\/es\/wp-json\/wp\/v2\/types\/product"}],"replies":[{"embeddable":true,"href":"https:\/\/hcrepresentations.com\/es\/wp-json\/wp\/v2\/comments?post=2922"}],"wp:featuredmedia":[{"embeddable":true,"href":"https:\/\/hcrepresentations.com\/es\/wp-json\/wp\/v2\/media\/2923"}],"wp:attachment":[{"href":"https:\/\/hcrepresentations.com\/es\/wp-json\/wp\/v2\/media?parent=2922"}],"wp:term":[{"taxonomy":"product_brand","embeddable":true,"href":"https:\/\/hcrepresentations.com\/es\/wp-json\/wp\/v2\/product_brand?post=2922"},{"taxonomy":"product_cat","embeddable":true,"href":"https:\/\/hcrepresentations.com\/es\/wp-json\/wp\/v2\/product_cat?post=2922"},{"taxonomy":"product_tag","embeddable":true,"href":"https:\/\/hcrepresentations.com\/es\/wp-json\/wp\/v2\/product_tag?post=2922"}],"curies":[{"name":"wp","href":"https:\/\/api.w.org\/{rel}","templated":true}]}}