{"id":2980,"date":"2023-08-08T00:09:51","date_gmt":"2023-08-08T03:09:51","guid":{"rendered":"https:\/\/hcrepresentation.com\/?post_type=product&#038;p=2980"},"modified":"2025-12-10T09:49:10","modified_gmt":"2025-12-10T12:49:10","slug":"volia-control-cover-sachet","status":"publish","type":"product","link":"https:\/\/hcrepresentations.com\/es\/producto\/volia-control-cover-sachet\/","title":{"rendered":"Tapa de control Sach\u00ea"},"content":{"rendered":"","protected":false},"excerpt":{"rendered":"<p style=\"margin: 0in; font-family: Calibri; font-size: 11.0pt;\">V\u00f3lia 14g<\/p>\n<p style=\"margin: 0in; font-family: Calibri; font-size: 11.0pt;\">Su gel V\u00f3lia en sach\u00e9, garant\u00eda de mayor econom\u00eda para<\/p>\n<p style=\"margin: 0in; font-family: Calibri; font-size: 11.0pt;\">\u00a1mayor cuidado del medio ambiente! El Gel Control<\/p>\n<p style=\"margin: 0in; font-family: Calibri; font-size: 11.0pt;\">Cover V\u00f3lia es un gel de construcci\u00f3n de nivel controlado<\/p>\n<p style=\"margin: 0in; font-family: Calibri; font-size: 11.0pt;\">para todo tipo de transportes. Su alta visibilidad<\/p>\n<p style=\"margin: 0in; font-family: Calibri; font-size: 11.0pt;\">permite un control total de la aplicaci\u00f3n sin necesidad de escortarla<\/p>\n<p style=\"margin: 0in; font-family: Calibri; font-size: 11.0pt;\">sendo ideal para decora\u00e7\u00f5es como francesas reversas,<\/p>\n<p style=\"margin: 0in; font-family: Calibri; font-size: 11.0pt;\">babyboomer e manuten\u00e7\u00f5es.<\/p>","protected":false},"featured_media":5037,"comment_status":"closed","ping_status":"closed","template":"","meta":[],"product_brand":[],"product_cat":[100],"product_tag":[],"class_list":{"0":"post-2980","1":"product","2":"type-product","3":"status-publish","4":"has-post-thumbnail","6":"product_cat-volia","8":"first","9":"instock","10":"taxable","11":"shipping-taxable","12":"purchasable","13":"product-type-simple"},"_links":{"self":[{"href":"https:\/\/hcrepresentations.com\/es\/wp-json\/wp\/v2\/product\/2980","targetHints":{"allow":["GET"]}}],"collection":[{"href":"https:\/\/hcrepresentations.com\/es\/wp-json\/wp\/v2\/product"}],"about":[{"href":"https:\/\/hcrepresentations.com\/es\/wp-json\/wp\/v2\/types\/product"}],"replies":[{"embeddable":true,"href":"https:\/\/hcrepresentations.com\/es\/wp-json\/wp\/v2\/comments?post=2980"}],"wp:featuredmedia":[{"embeddable":true,"href":"https:\/\/hcrepresentations.com\/es\/wp-json\/wp\/v2\/media\/5037"}],"wp:attachment":[{"href":"https:\/\/hcrepresentations.com\/es\/wp-json\/wp\/v2\/media?parent=2980"}],"wp:term":[{"taxonomy":"product_brand","embeddable":true,"href":"https:\/\/hcrepresentations.com\/es\/wp-json\/wp\/v2\/product_brand?post=2980"},{"taxonomy":"product_cat","embeddable":true,"href":"https:\/\/hcrepresentations.com\/es\/wp-json\/wp\/v2\/product_cat?post=2980"},{"taxonomy":"product_tag","embeddable":true,"href":"https:\/\/hcrepresentations.com\/es\/wp-json\/wp\/v2\/product_tag?post=2980"}],"curies":[{"name":"wp","href":"https:\/\/api.w.org\/{rel}","templated":true}]}}