{"id":4262,"date":"2025-06-17T21:54:12","date_gmt":"2025-06-18T00:54:12","guid":{"rendered":"https:\/\/hcrepresentations.com\/?post_type=product&#038;p=4262"},"modified":"2025-11-12T01:13:21","modified_gmt":"2025-11-12T04:13:21","slug":"primer-acido-frasco","status":"publish","type":"product","link":"https:\/\/hcrepresentations.com\/es\/producto\/primer-acido-frasco\/","title":{"rendered":"Primer \u00c1cido - Frasco"},"content":{"rendered":"","protected":false},"excerpt":{"rendered":"<p>El Primer \u00c1cido Vol\u00e1til es un preparador para heridas artificiales que garantiza la adherencia a los tejidos. Recomendado para todo tipo de pieles, especialmente las m\u00e1s propensas a descolamentos e infiltraciones. Fortalecido con Vitamina E, que aporta propiedades hidratantes, antiinflamatorias y antioxidantes.<\/p>","protected":false},"featured_media":4246,"comment_status":"open","ping_status":"closed","template":"","meta":[],"product_brand":[],"product_cat":[100],"product_tag":[],"class_list":{"0":"post-4262","1":"product","2":"type-product","3":"status-publish","4":"has-post-thumbnail","6":"product_cat-volia","8":"first","9":"instock","10":"taxable","11":"shipping-taxable","12":"purchasable","13":"product-type-simple"},"_links":{"self":[{"href":"https:\/\/hcrepresentations.com\/es\/wp-json\/wp\/v2\/product\/4262","targetHints":{"allow":["GET"]}}],"collection":[{"href":"https:\/\/hcrepresentations.com\/es\/wp-json\/wp\/v2\/product"}],"about":[{"href":"https:\/\/hcrepresentations.com\/es\/wp-json\/wp\/v2\/types\/product"}],"replies":[{"embeddable":true,"href":"https:\/\/hcrepresentations.com\/es\/wp-json\/wp\/v2\/comments?post=4262"}],"wp:featuredmedia":[{"embeddable":true,"href":"https:\/\/hcrepresentations.com\/es\/wp-json\/wp\/v2\/media\/4246"}],"wp:attachment":[{"href":"https:\/\/hcrepresentations.com\/es\/wp-json\/wp\/v2\/media?parent=4262"}],"wp:term":[{"taxonomy":"product_brand","embeddable":true,"href":"https:\/\/hcrepresentations.com\/es\/wp-json\/wp\/v2\/product_brand?post=4262"},{"taxonomy":"product_cat","embeddable":true,"href":"https:\/\/hcrepresentations.com\/es\/wp-json\/wp\/v2\/product_cat?post=4262"},{"taxonomy":"product_tag","embeddable":true,"href":"https:\/\/hcrepresentations.com\/es\/wp-json\/wp\/v2\/product_tag?post=4262"}],"curies":[{"name":"wp","href":"https:\/\/api.w.org\/{rel}","templated":true}]}}