{"id":4268,"date":"2025-06-17T22:05:30","date_gmt":"2025-06-18T01:05:30","guid":{"rendered":"https:\/\/hcrepresentations.com\/?post_type=product&#038;p=4268"},"modified":"2025-11-12T00:58:17","modified_gmt":"2025-11-12T03:58:17","slug":"sache-classic-pink","status":"publish","type":"product","link":"https:\/\/hcrepresentations.com\/es\/producto\/sache-classic-pink\/","title":{"rendered":"Sach\u00ea Cl\u00e1sico Rosa"},"content":{"rendered":"","protected":false},"excerpt":{"rendered":"<p>Su gel V\u00f3lia en sach\u00e9, \u00a1garantiza un mayor ahorro para usted y un mayor cuidado del medio ambiente! El Gel Classic Pink V\u00f3lia es un gel constructor, vers\u00e1til y autonivelante para la construcci\u00f3n de uniones de fibra, moldes, puntas, entre otros. Se puede utilizar en todo el proceso, incluso en la fase de precurvatura y en el punto de tensi\u00f3n. Su f\u00f3rmula ofrece un secado r\u00e1pido, proporcionando estructuras de mayor rigidez y resultados perfectos. Disponible en color rosa natural.<\/p>","protected":false},"featured_media":4252,"comment_status":"open","ping_status":"closed","template":"","meta":[],"product_brand":[],"product_cat":[100],"product_tag":[],"class_list":{"0":"post-4268","1":"product","2":"type-product","3":"status-publish","4":"has-post-thumbnail","6":"product_cat-volia","8":"first","9":"instock","10":"taxable","11":"shipping-taxable","12":"purchasable","13":"product-type-simple"},"_links":{"self":[{"href":"https:\/\/hcrepresentations.com\/es\/wp-json\/wp\/v2\/product\/4268","targetHints":{"allow":["GET"]}}],"collection":[{"href":"https:\/\/hcrepresentations.com\/es\/wp-json\/wp\/v2\/product"}],"about":[{"href":"https:\/\/hcrepresentations.com\/es\/wp-json\/wp\/v2\/types\/product"}],"replies":[{"embeddable":true,"href":"https:\/\/hcrepresentations.com\/es\/wp-json\/wp\/v2\/comments?post=4268"}],"wp:featuredmedia":[{"embeddable":true,"href":"https:\/\/hcrepresentations.com\/es\/wp-json\/wp\/v2\/media\/4252"}],"wp:attachment":[{"href":"https:\/\/hcrepresentations.com\/es\/wp-json\/wp\/v2\/media?parent=4268"}],"wp:term":[{"taxonomy":"product_brand","embeddable":true,"href":"https:\/\/hcrepresentations.com\/es\/wp-json\/wp\/v2\/product_brand?post=4268"},{"taxonomy":"product_cat","embeddable":true,"href":"https:\/\/hcrepresentations.com\/es\/wp-json\/wp\/v2\/product_cat?post=4268"},{"taxonomy":"product_tag","embeddable":true,"href":"https:\/\/hcrepresentations.com\/es\/wp-json\/wp\/v2\/product_tag?post=4268"}],"curies":[{"name":"wp","href":"https:\/\/api.w.org\/{rel}","templated":true}]}}