{"id":4270,"date":"2025-06-17T22:11:28","date_gmt":"2025-06-18T01:11:28","guid":{"rendered":"https:\/\/hcrepresentations.com\/?post_type=product&#038;p=4270"},"modified":"2025-11-12T01:04:17","modified_gmt":"2025-11-12T04:04:17","slug":"sache-control-pink","status":"publish","type":"product","link":"https:\/\/hcrepresentations.com\/es\/producto\/sache-control-pink\/","title":{"rendered":"Sach\u00ea Control Rosa"},"content":{"rendered":"","protected":false},"excerpt":{"rendered":"<p>Su gel V\u00f3lia en sach\u00e9, \u00a1garantiza un mayor ahorro para usted y un mayor cuidado del medio ambiente! El Gel Control Pink V\u00f3lia es un gel constructor de nivelaci\u00f3n controlada para todos los tipos de alargamiento. Su alta viscosidad permite un control total en la aplicaci\u00f3n -sin escurrir-, por lo que es ideal para decoraciones como francesas reversibles, babyboomer y manutenciones.<\/p>","protected":false},"featured_media":4254,"comment_status":"open","ping_status":"closed","template":"","meta":[],"product_brand":[],"product_cat":[100],"product_tag":[],"class_list":{"0":"post-4270","1":"product","2":"type-product","3":"status-publish","4":"has-post-thumbnail","6":"product_cat-volia","8":"first","9":"instock","10":"taxable","11":"shipping-taxable","12":"purchasable","13":"product-type-simple"},"_links":{"self":[{"href":"https:\/\/hcrepresentations.com\/es\/wp-json\/wp\/v2\/product\/4270","targetHints":{"allow":["GET"]}}],"collection":[{"href":"https:\/\/hcrepresentations.com\/es\/wp-json\/wp\/v2\/product"}],"about":[{"href":"https:\/\/hcrepresentations.com\/es\/wp-json\/wp\/v2\/types\/product"}],"replies":[{"embeddable":true,"href":"https:\/\/hcrepresentations.com\/es\/wp-json\/wp\/v2\/comments?post=4270"}],"wp:featuredmedia":[{"embeddable":true,"href":"https:\/\/hcrepresentations.com\/es\/wp-json\/wp\/v2\/media\/4254"}],"wp:attachment":[{"href":"https:\/\/hcrepresentations.com\/es\/wp-json\/wp\/v2\/media?parent=4270"}],"wp:term":[{"taxonomy":"product_brand","embeddable":true,"href":"https:\/\/hcrepresentations.com\/es\/wp-json\/wp\/v2\/product_brand?post=4270"},{"taxonomy":"product_cat","embeddable":true,"href":"https:\/\/hcrepresentations.com\/es\/wp-json\/wp\/v2\/product_cat?post=4270"},{"taxonomy":"product_tag","embeddable":true,"href":"https:\/\/hcrepresentations.com\/es\/wp-json\/wp\/v2\/product_tag?post=4270"}],"curies":[{"name":"wp","href":"https:\/\/api.w.org\/{rel}","templated":true}]}}