{"id":4287,"date":"2025-06-17T23:12:50","date_gmt":"2025-06-18T02:12:50","guid":{"rendered":"https:\/\/hcrepresentations.com\/?post_type=product&#038;p=4287"},"modified":"2025-11-12T01:24:55","modified_gmt":"2025-11-12T04:24:55","slug":"top-coat-rose-gold-sache-9g","status":"publish","type":"product","link":"https:\/\/hcrepresentations.com\/es\/producto\/top-coat-rose-gold-sache-9g\/","title":{"rendered":"Top Coat - Oro Rosado Sach\u00ea 9g"},"content":{"rendered":"","protected":false},"excerpt":{"rendered":"<p>O Top Coat Ros\u00ea Gold da V\u00f3lia possui tonalidade rosada combinada com efeito dourado brilhoso, de acordo com a incid\u00eancia de luz. Como selante en gel, proporciona una mayor resistencia y durabilidad. Producto fotosensible.<\/p>","protected":false},"featured_media":4288,"comment_status":"open","ping_status":"closed","template":"","meta":[],"product_brand":[],"product_cat":[100],"product_tag":[],"class_list":{"0":"post-4287","1":"product","2":"type-product","3":"status-publish","4":"has-post-thumbnail","6":"product_cat-volia","8":"first","9":"instock","10":"taxable","11":"shipping-taxable","12":"purchasable","13":"product-type-simple"},"_links":{"self":[{"href":"https:\/\/hcrepresentations.com\/es\/wp-json\/wp\/v2\/product\/4287","targetHints":{"allow":["GET"]}}],"collection":[{"href":"https:\/\/hcrepresentations.com\/es\/wp-json\/wp\/v2\/product"}],"about":[{"href":"https:\/\/hcrepresentations.com\/es\/wp-json\/wp\/v2\/types\/product"}],"replies":[{"embeddable":true,"href":"https:\/\/hcrepresentations.com\/es\/wp-json\/wp\/v2\/comments?post=4287"}],"wp:featuredmedia":[{"embeddable":true,"href":"https:\/\/hcrepresentations.com\/es\/wp-json\/wp\/v2\/media\/4288"}],"wp:attachment":[{"href":"https:\/\/hcrepresentations.com\/es\/wp-json\/wp\/v2\/media?parent=4287"}],"wp:term":[{"taxonomy":"product_brand","embeddable":true,"href":"https:\/\/hcrepresentations.com\/es\/wp-json\/wp\/v2\/product_brand?post=4287"},{"taxonomy":"product_cat","embeddable":true,"href":"https:\/\/hcrepresentations.com\/es\/wp-json\/wp\/v2\/product_cat?post=4287"},{"taxonomy":"product_tag","embeddable":true,"href":"https:\/\/hcrepresentations.com\/es\/wp-json\/wp\/v2\/product_tag?post=4287"}],"curies":[{"name":"wp","href":"https:\/\/api.w.org\/{rel}","templated":true}]}}