{"id":4322,"date":"2025-07-08T01:10:53","date_gmt":"2025-07-08T04:10:53","guid":{"rendered":"https:\/\/hcrepresentations.com\/?post_type=product&#038;p=4322"},"modified":"2025-07-08T01:46:37","modified_gmt":"2025-07-08T04:46:37","slug":"pincel-lingua-de-gato-6-profissional-anylovy","status":"publish","type":"product","link":"https:\/\/hcrepresentations.com\/es\/producto\/pincel-lingua-de-gato-6-profissional-anylovy\/","title":{"rendered":"Pincel l\u00edngua de gato #6 profissional Anylovy"},"content":{"rendered":"","protected":false},"excerpt":{"rendered":"<p>\u00a1Precisi\u00f3n y versatilidad para piezas perfectas! El pincel ideal para la construcci\u00f3n de unidades con gel, acr\u00edlico y poligel - perfecto para nivelar y modelar con precisi\u00f3n.<\/p>\n<p>Destaques:<\/p>\n<p>Formato ideal para la aplicaci\u00f3n uniforme del gel<\/p>\n<p>Uso profesional o dom\u00e9stico de alta durabilidad<\/p>\n<p>Cerdas firmes y alinhadas para un mayor control<\/p>\n<p>Aplicaci\u00f3n sin residuos y acabado uniforme<\/p>\n<p>Sugerencia de uso con:<\/p>\n<p>Gel Base o Gel Cover Nude Anylovy - para unas extensiones impecables<\/p>\n<p>Molde F1 Ballerina, Marina, Almond o Square - para formatos perfectos<\/p>\n<p>Top Coat Mega Shine ou Matte - para acabamento profissional<\/p>\n<p>Distribuido por HC Representation LLC USA, representante de marcas brasile\u00f1as en EUA con foco en productos de calidad y env\u00edo mundial.<\/p>","protected":false},"featured_media":4470,"comment_status":"closed","ping_status":"closed","template":"","meta":[],"product_brand":[],"product_cat":[138,116],"product_tag":[],"class_list":{"0":"post-4322","1":"product","2":"type-product","3":"status-publish","4":"has-post-thumbnail","6":"product_cat-anylovy","7":"product_cat-brushes","9":"first","10":"instock","11":"taxable","12":"shipping-taxable","13":"purchasable","14":"product-type-simple"},"_links":{"self":[{"href":"https:\/\/hcrepresentations.com\/es\/wp-json\/wp\/v2\/product\/4322","targetHints":{"allow":["GET"]}}],"collection":[{"href":"https:\/\/hcrepresentations.com\/es\/wp-json\/wp\/v2\/product"}],"about":[{"href":"https:\/\/hcrepresentations.com\/es\/wp-json\/wp\/v2\/types\/product"}],"replies":[{"embeddable":true,"href":"https:\/\/hcrepresentations.com\/es\/wp-json\/wp\/v2\/comments?post=4322"}],"wp:featuredmedia":[{"embeddable":true,"href":"https:\/\/hcrepresentations.com\/es\/wp-json\/wp\/v2\/media\/4470"}],"wp:attachment":[{"href":"https:\/\/hcrepresentations.com\/es\/wp-json\/wp\/v2\/media?parent=4322"}],"wp:term":[{"taxonomy":"product_brand","embeddable":true,"href":"https:\/\/hcrepresentations.com\/es\/wp-json\/wp\/v2\/product_brand?post=4322"},{"taxonomy":"product_cat","embeddable":true,"href":"https:\/\/hcrepresentations.com\/es\/wp-json\/wp\/v2\/product_cat?post=4322"},{"taxonomy":"product_tag","embeddable":true,"href":"https:\/\/hcrepresentations.com\/es\/wp-json\/wp\/v2\/product_tag?post=4322"}],"curies":[{"name":"wp","href":"https:\/\/api.w.org\/{rel}","templated":true}]}}