{"id":4624,"date":"2025-08-15T09:31:52","date_gmt":"2025-08-15T12:31:52","guid":{"rendered":"https:\/\/hcrepresentations.com\/?post_type=product&#038;p=4624"},"modified":"2025-11-18T13:52:40","modified_gmt":"2025-11-18T16:52:40","slug":"molde-rosa-francesa-reversa","status":"publish","type":"product","link":"https:\/\/hcrepresentations.com\/es\/producto\/molde-rosa-francesa-reversa\/","title":{"rendered":"Molde Rosa Any Lovy Francesa Reversa"},"content":{"rendered":"","protected":false},"excerpt":{"rendered":"<p>O Molde Rosa F1 Francesa Reversa Anylovy - Praticidade e Perfei\u00e7\u00e3o na T\u00e9cnica Reversa.<\/p>\n<p>El Molde Rosa F1 Francesa Reversa Anylovy se ha desarrollado especialmente para facilitar la vida de los profesionales que trabajan con la t\u00e9cnica Francesa Reversa. Combina la pr\u00e1ctica, la precisi\u00f3n y un acabado impecable en cada aplicaci\u00f3n.<\/p>\n<p>Con un dise\u00f1o pensado para moldear perfectamente la curva C, este molde posee un formato otimizado, que permite la creaci\u00f3n de piezas \u00fanicas con el borde de la francesa bien definido y una estructura uniforme desde la base hasta la punta. <\/p>\n<p>La coloraci\u00f3n rosa transl\u00facida ayuda a visualizar el material durante la aplicaci\u00f3n, garantizando un mayor control y calidad en el resultado final.<\/p>\n<p>Benef\u00edcios:<br \/>\nIdeal para t\u00e9cnica de francesinha reversa.<br \/>\nAuxilia no desenho preciso da linha do sorriso.<br \/>\nF\u00e1cil aplicaci\u00f3n y reutilizaci\u00f3n.<br \/>\nFlexibles, resistentes y con un encaje perfecto.<br \/>\nPuede utilizarse con gel, poligel o acr\u00edlico.<\/p>\n<p>Dica Anylovy: Para un acabado a\u00fan m\u00e1s profesional, util\u00edzalo junto con los Polvos Anylovy, Top Coat Mega Brilho o Top Coat Matte, y finaliza con nuestros alicates profesionales.<\/p>","protected":false},"featured_media":4532,"comment_status":"closed","ping_status":"closed","template":"","meta":[],"product_brand":[],"product_cat":[138,109],"product_tag":[],"class_list":{"0":"post-4624","1":"product","2":"type-product","3":"status-publish","4":"has-post-thumbnail","6":"product_cat-anylovy","7":"product_cat-moldes-tip","9":"first","10":"instock","11":"sale","12":"taxable","13":"shipping-taxable","14":"purchasable","15":"product-type-simple"},"_links":{"self":[{"href":"https:\/\/hcrepresentations.com\/es\/wp-json\/wp\/v2\/product\/4624","targetHints":{"allow":["GET"]}}],"collection":[{"href":"https:\/\/hcrepresentations.com\/es\/wp-json\/wp\/v2\/product"}],"about":[{"href":"https:\/\/hcrepresentations.com\/es\/wp-json\/wp\/v2\/types\/product"}],"replies":[{"embeddable":true,"href":"https:\/\/hcrepresentations.com\/es\/wp-json\/wp\/v2\/comments?post=4624"}],"wp:featuredmedia":[{"embeddable":true,"href":"https:\/\/hcrepresentations.com\/es\/wp-json\/wp\/v2\/media\/4532"}],"wp:attachment":[{"href":"https:\/\/hcrepresentations.com\/es\/wp-json\/wp\/v2\/media?parent=4624"}],"wp:term":[{"taxonomy":"product_brand","embeddable":true,"href":"https:\/\/hcrepresentations.com\/es\/wp-json\/wp\/v2\/product_brand?post=4624"},{"taxonomy":"product_cat","embeddable":true,"href":"https:\/\/hcrepresentations.com\/es\/wp-json\/wp\/v2\/product_cat?post=4624"},{"taxonomy":"product_tag","embeddable":true,"href":"https:\/\/hcrepresentations.com\/es\/wp-json\/wp\/v2\/product_tag?post=4624"}],"curies":[{"name":"wp","href":"https:\/\/api.w.org\/{rel}","templated":true}]}}