{"id":4645,"date":"2025-08-15T14:11:14","date_gmt":"2025-08-15T17:11:14","guid":{"rendered":"https:\/\/hcrepresentations.com\/?post_type=product&#038;p=4645"},"modified":"2025-08-16T06:18:13","modified_gmt":"2025-08-16T09:18:13","slug":"fibra-vidro-rolo","status":"publish","type":"product","link":"https:\/\/hcrepresentations.com\/es\/producto\/fibra-vidro-rolo\/","title":{"rendered":"Fibra de Vidro de Rolo"},"content":{"rendered":"","protected":false},"excerpt":{"rendered":"<p>#SoudeFibra es la fibra de vidrio perfecta para sus accesorios.<\/p>\n<p>El envase viene con 4 metros de fibra de ma\u00edz, fino, no pinica, no co\u00e7a.Vem higienizado y esterilizado para sus cuidados. Su facilidad de uso encanta. F\u00e1cil de abrir y de camuflar en contacto con el gel.<\/p>\n<p>Modo de uso: La fibra de vidrio debe ser uniformemente espalada por las manos, de modo que se mezcle con el gel. Se recomienda que, tras la separaci\u00f3n de la cantidad que se utilizar\u00e1, el producto se almacene de nuevo en su embalaje de origen, que debe permanecer cerrado. Recomendamos el uso de luvas en todos los procedimientos en mesa.<\/p>\n<p>- 4 metros de fibra de vidrio;<br \/>\n- Fina e macia;<br \/>\n- F\u00e1cil camuflaje;<br \/>\n- N\u00e3o pinica e n\u00e3o co\u00e7a.<\/p>","protected":false},"featured_media":4508,"comment_status":"closed","ping_status":"closed","template":"","meta":[],"product_brand":[],"product_cat":[142],"product_tag":[],"class_list":{"0":"post-4645","1":"product","2":"type-product","3":"status-publish","4":"has-post-thumbnail","6":"product_cat-humma","8":"first","9":"instock","10":"taxable","11":"shipping-taxable","12":"purchasable","13":"product-type-simple"},"_links":{"self":[{"href":"https:\/\/hcrepresentations.com\/es\/wp-json\/wp\/v2\/product\/4645","targetHints":{"allow":["GET"]}}],"collection":[{"href":"https:\/\/hcrepresentations.com\/es\/wp-json\/wp\/v2\/product"}],"about":[{"href":"https:\/\/hcrepresentations.com\/es\/wp-json\/wp\/v2\/types\/product"}],"replies":[{"embeddable":true,"href":"https:\/\/hcrepresentations.com\/es\/wp-json\/wp\/v2\/comments?post=4645"}],"wp:featuredmedia":[{"embeddable":true,"href":"https:\/\/hcrepresentations.com\/es\/wp-json\/wp\/v2\/media\/4508"}],"wp:attachment":[{"href":"https:\/\/hcrepresentations.com\/es\/wp-json\/wp\/v2\/media?parent=4645"}],"wp:term":[{"taxonomy":"product_brand","embeddable":true,"href":"https:\/\/hcrepresentations.com\/es\/wp-json\/wp\/v2\/product_brand?post=4645"},{"taxonomy":"product_cat","embeddable":true,"href":"https:\/\/hcrepresentations.com\/es\/wp-json\/wp\/v2\/product_cat?post=4645"},{"taxonomy":"product_tag","embeddable":true,"href":"https:\/\/hcrepresentations.com\/es\/wp-json\/wp\/v2\/product_tag?post=4645"}],"curies":[{"name":"wp","href":"https:\/\/api.w.org\/{rel}","templated":true}]}}