{"id":4655,"date":"2025-08-15T14:26:55","date_gmt":"2025-08-15T17:26:55","guid":{"rendered":"https:\/\/hcrepresentations.com\/?post_type=product&#038;p=4655"},"modified":"2026-01-27T23:27:39","modified_gmt":"2026-01-28T02:27:39","slug":"gel-pink-3-1","status":"publish","type":"product","link":"https:\/\/hcrepresentations.com\/es\/producto\/gel-pink-3-1\/","title":{"rendered":"Gel Rosa 3 em 1 - 28g"},"content":{"rendered":"","protected":false},"excerpt":{"rendered":"<p>Gel Rosa 3 em 1 para Unhas - 28g<\/p>\n<p>El Gel Rosa 3 en 1 de 28g es el producto ideal para los Dise\u00f1adores de U\u00f1as que buscan calidad y versatilidad en sus trabajos. Con tecnolog\u00eda 3X1, este gel constructor posee viscosidad media y se puede utilizar desde la capa base hasta el punto de tensi\u00f3n, sin abrir la curvatura de las u\u00f1as. Adem\u00e1s, no libera calor excesivo durante la aplicaci\u00f3n, proporcionando comodidad a sus clientes.<\/p>","protected":false},"featured_media":4490,"comment_status":"closed","ping_status":"closed","template":"","meta":[],"product_brand":[],"product_cat":[142],"product_tag":[],"class_list":{"0":"post-4655","1":"product","2":"type-product","3":"status-publish","4":"has-post-thumbnail","6":"product_cat-humma","8":"first","9":"instock","10":"taxable","11":"shipping-taxable","12":"purchasable","13":"product-type-simple"},"_links":{"self":[{"href":"https:\/\/hcrepresentations.com\/es\/wp-json\/wp\/v2\/product\/4655","targetHints":{"allow":["GET"]}}],"collection":[{"href":"https:\/\/hcrepresentations.com\/es\/wp-json\/wp\/v2\/product"}],"about":[{"href":"https:\/\/hcrepresentations.com\/es\/wp-json\/wp\/v2\/types\/product"}],"replies":[{"embeddable":true,"href":"https:\/\/hcrepresentations.com\/es\/wp-json\/wp\/v2\/comments?post=4655"}],"wp:featuredmedia":[{"embeddable":true,"href":"https:\/\/hcrepresentations.com\/es\/wp-json\/wp\/v2\/media\/4490"}],"wp:attachment":[{"href":"https:\/\/hcrepresentations.com\/es\/wp-json\/wp\/v2\/media?parent=4655"}],"wp:term":[{"taxonomy":"product_brand","embeddable":true,"href":"https:\/\/hcrepresentations.com\/es\/wp-json\/wp\/v2\/product_brand?post=4655"},{"taxonomy":"product_cat","embeddable":true,"href":"https:\/\/hcrepresentations.com\/es\/wp-json\/wp\/v2\/product_cat?post=4655"},{"taxonomy":"product_tag","embeddable":true,"href":"https:\/\/hcrepresentations.com\/es\/wp-json\/wp\/v2\/product_tag?post=4655"}],"curies":[{"name":"wp","href":"https:\/\/api.w.org\/{rel}","templated":true}]}}