{"id":4691,"date":"2025-10-31T15:00:27","date_gmt":"2025-10-31T18:00:27","guid":{"rendered":"https:\/\/hcrepresentations.com\/?post_type=product&#038;p=4691"},"modified":"2026-03-19T18:15:10","modified_gmt":"2026-03-19T21:15:10","slug":"primer-acido-step-1","status":"publish","type":"product","link":"https:\/\/hcrepresentations.com\/es\/producto\/primer-acido-step-1\/","title":{"rendered":"Primer \u00c1cido Paso 1"},"content":{"rendered":"","protected":false},"excerpt":{"rendered":"<p>El Primer \u00c1cido Step 1 de Bluwe es un producto con una f\u00f3rmula innovadora, desarrollado dentro de<br \/>\n nuestros laboratorios, que va a actuar en la etapa de desidrataci\u00f3n de un natural, adem\u00e1s de desengordurarlo.<br \/>\n Con materias primas de alta calidad, el Primer \u00c1cido hace que el pH de la l\u00e1mina sea m\u00e1s \u00e1cido a la medida<br \/>\n seguro, sin correr el riesgo de da\u00f1ar la piel o las manos de su cliente.<br \/>\n \u00bfPara qu\u00e9 sirve el Primer \u00c1cido de Bluwe?<br \/>\n El Primer \u00c1cido Paso 1 ha sido desarrollado en nuestros laboratorios y tiene la funci\u00f3n de desidratar y<br \/>\n desengordar a uma unha natural e deixando o pH da l\u00e2mina mais \u00e1cido para ter compatibilidade com o Gel. <\/p>\n<p> \u00bfC\u00f3mo utilizar el Primer \u00c1cido Paso 1?<br \/>\n El Primer \u00c1cido para Unha da Bluwe debe utilizarse despu\u00e9s del Higienizador y como primera etapa de la<br \/>\n preparaci\u00f3n qu\u00edmica de la unha.<br \/>\n Diferencias<br \/>\n F\u00f3rmula innovadora;<br \/>\n Materias primas de la m\u00e1s alta calidad y tecnolog\u00eda;<br \/>\n M\u00e1xima adherencia en todo tipo de pieles, incluidas las m\u00e1s exigentes, como las finas y oleosas.<\/p>","protected":false},"featured_media":4827,"comment_status":"closed","ping_status":"closed","template":"","meta":[],"product_brand":[],"product_cat":[98],"product_tag":[],"class_list":{"0":"post-4691","1":"product","2":"type-product","3":"status-publish","4":"has-post-thumbnail","6":"product_cat-bluwe","8":"first","9":"instock","10":"taxable","11":"shipping-taxable","12":"purchasable","13":"product-type-simple"},"_links":{"self":[{"href":"https:\/\/hcrepresentations.com\/es\/wp-json\/wp\/v2\/product\/4691","targetHints":{"allow":["GET"]}}],"collection":[{"href":"https:\/\/hcrepresentations.com\/es\/wp-json\/wp\/v2\/product"}],"about":[{"href":"https:\/\/hcrepresentations.com\/es\/wp-json\/wp\/v2\/types\/product"}],"replies":[{"embeddable":true,"href":"https:\/\/hcrepresentations.com\/es\/wp-json\/wp\/v2\/comments?post=4691"}],"wp:featuredmedia":[{"embeddable":true,"href":"https:\/\/hcrepresentations.com\/es\/wp-json\/wp\/v2\/media\/4827"}],"wp:attachment":[{"href":"https:\/\/hcrepresentations.com\/es\/wp-json\/wp\/v2\/media?parent=4691"}],"wp:term":[{"taxonomy":"product_brand","embeddable":true,"href":"https:\/\/hcrepresentations.com\/es\/wp-json\/wp\/v2\/product_brand?post=4691"},{"taxonomy":"product_cat","embeddable":true,"href":"https:\/\/hcrepresentations.com\/es\/wp-json\/wp\/v2\/product_cat?post=4691"},{"taxonomy":"product_tag","embeddable":true,"href":"https:\/\/hcrepresentations.com\/es\/wp-json\/wp\/v2\/product_tag?post=4691"}],"curies":[{"name":"wp","href":"https:\/\/api.w.org\/{rel}","templated":true}]}}