{"id":4708,"date":"2025-10-31T15:00:29","date_gmt":"2025-10-31T18:00:29","guid":{"rendered":"https:\/\/hcrepresentations.com\/?post_type=product&#038;p=4708"},"modified":"2026-02-21T14:24:04","modified_gmt":"2026-02-21T17:24:04","slug":"top-coat-camuflagem-querido-bege-11ml","status":"publish","type":"product","link":"https:\/\/hcrepresentations.com\/es\/producto\/top-coat-camuflagem-querido-bege-11ml\/","title":{"rendered":"Top Coat Camuflagem Querido Bege 11ml"},"content":{"rendered":"","protected":false},"excerpt":{"rendered":"<p>Bluwe 11ml<br \/>\n El Top Coat Camuflagem Querido Bege es un top coat con coral desarrollado dentro de nuestros<br \/>\n laboratorios. Con su f\u00f3rmula innovadora, proporciona un brillo y un color m\u00e1s intensos, garantizando un resultado \u00fanico.<br \/>\n com um tom mais uniforme e sem manchas.<br \/>\n Si su cliente tiene manchas, \u00a1este top coat es el producto perfecto!<br \/>\n \u00bfPara qu\u00e9 sirve el Top Coat Camuflagem?<br \/>\n Indicado para finalizar cualquier tipo de procedimiento, puede utilizarse para camuflar manchas en la piel.<br \/>\n unhas e adicionar uma cor mais uniforme sobre o Gel Construtor, que costuma ser mais transl\u00facido.<br \/>\n \u00bfCu\u00e1ndo usar Top Coat Camuflagem?<br \/>\n Usado para finalizar cualquier tipo de procedimiento, garantiza un acabado con mucho brillo y un<br \/>\n tom mais uniforme, camuflando manchas.<br \/>\n Diferencias:<br \/>\n Perfeito para camuflar manchas;<br \/>\n Cor m\u00e1s intenso y uniforme;<br \/>\n Brilhante;<br \/>\n Viscosidad ideal para aplicar sin escurrir;<br \/>\n Alta flexibilidad;<br \/>\n F\u00f3rmula innovadora;<br \/>\n Posee materias primas de alta calidad y tecnolog\u00eda.<br \/>\n COR: Querido bege. Bege intenso de cobertura m\u00e9dia com subtom quente.<\/p>","protected":false},"featured_media":4776,"comment_status":"closed","ping_status":"closed","template":"","meta":[],"product_brand":[],"product_cat":[98],"product_tag":[],"class_list":{"0":"post-4708","1":"product","2":"type-product","3":"status-publish","4":"has-post-thumbnail","6":"product_cat-bluwe","8":"first","9":"instock","10":"taxable","11":"shipping-taxable","12":"purchasable","13":"product-type-simple"},"_links":{"self":[{"href":"https:\/\/hcrepresentations.com\/es\/wp-json\/wp\/v2\/product\/4708","targetHints":{"allow":["GET"]}}],"collection":[{"href":"https:\/\/hcrepresentations.com\/es\/wp-json\/wp\/v2\/product"}],"about":[{"href":"https:\/\/hcrepresentations.com\/es\/wp-json\/wp\/v2\/types\/product"}],"replies":[{"embeddable":true,"href":"https:\/\/hcrepresentations.com\/es\/wp-json\/wp\/v2\/comments?post=4708"}],"wp:featuredmedia":[{"embeddable":true,"href":"https:\/\/hcrepresentations.com\/es\/wp-json\/wp\/v2\/media\/4776"}],"wp:attachment":[{"href":"https:\/\/hcrepresentations.com\/es\/wp-json\/wp\/v2\/media?parent=4708"}],"wp:term":[{"taxonomy":"product_brand","embeddable":true,"href":"https:\/\/hcrepresentations.com\/es\/wp-json\/wp\/v2\/product_brand?post=4708"},{"taxonomy":"product_cat","embeddable":true,"href":"https:\/\/hcrepresentations.com\/es\/wp-json\/wp\/v2\/product_cat?post=4708"},{"taxonomy":"product_tag","embeddable":true,"href":"https:\/\/hcrepresentations.com\/es\/wp-json\/wp\/v2\/product_tag?post=4708"}],"curies":[{"name":"wp","href":"https:\/\/api.w.org\/{rel}","templated":true}]}}