{"id":4729,"date":"2025-10-31T15:00:35","date_gmt":"2025-10-31T18:00:35","guid":{"rendered":"https:\/\/hcrepresentations.com\/?post_type=product&#038;p=4729"},"modified":"2026-04-12T15:29:16","modified_gmt":"2026-04-12T18:29:16","slug":"oleo-hidratante-cutinutri-30ml","status":"publish","type":"product","link":"https:\/\/hcrepresentations.com\/es\/producto\/oleo-hidratante-cutinutri-30ml\/","title":{"rendered":"\u00d3leo Hidratante Cutinutri 30ml"},"content":{"rendered":"","protected":false},"excerpt":{"rendered":"<p>CutiNutri es un aceite para cut\u00edculas de alto rendimiento, creado para proporcionar nutrici\u00f3n, hidrataci\u00f3n y<br \/>\n Protecci\u00f3n completa para sus manos.<br \/>\n \u00bfPara qu\u00e9 sirve CutiNutri?<br \/>\n Con su f\u00f3rmula innovadora y materias primas de alta calidad, previene el envejecimiento prematuro.<br \/>\n Aclara y unifica la piel, fortalece las u\u00f1as y mejora la elasticidad de la piel.<br \/>\n \u00bfCu\u00e1ndo usar CutiNutri?<br \/>\n El aceite para cut\u00edculas de Bluwe es perfecto para utilizarlo en cualquier momento del d\u00eda y es compatible.<br \/>\n con todo tipo de pieles.<br \/>\n Es realmente un producto para el cuidado de la piel de las manos que deber\u00eda estar en su escritorio, bolso y ba\u00f1o.<br \/>\n Los resultados inmediatos y a largo plazo son sorprendentes, ya sea en procedimientos de u\u00f1as.<br \/>\n Ya sea como gel o como tratamiento para el cuidado de la piel, es muy recomendable.<\/p>","protected":false},"featured_media":4817,"comment_status":"closed","ping_status":"closed","template":"","meta":[],"product_brand":[],"product_cat":[98],"product_tag":[],"class_list":{"0":"post-4729","1":"product","2":"type-product","3":"status-publish","4":"has-post-thumbnail","6":"product_cat-bluwe","8":"first","9":"instock","10":"taxable","11":"shipping-taxable","12":"purchasable","13":"product-type-simple"},"_links":{"self":[{"href":"https:\/\/hcrepresentations.com\/es\/wp-json\/wp\/v2\/product\/4729","targetHints":{"allow":["GET"]}}],"collection":[{"href":"https:\/\/hcrepresentations.com\/es\/wp-json\/wp\/v2\/product"}],"about":[{"href":"https:\/\/hcrepresentations.com\/es\/wp-json\/wp\/v2\/types\/product"}],"replies":[{"embeddable":true,"href":"https:\/\/hcrepresentations.com\/es\/wp-json\/wp\/v2\/comments?post=4729"}],"wp:featuredmedia":[{"embeddable":true,"href":"https:\/\/hcrepresentations.com\/es\/wp-json\/wp\/v2\/media\/4817"}],"wp:attachment":[{"href":"https:\/\/hcrepresentations.com\/es\/wp-json\/wp\/v2\/media?parent=4729"}],"wp:term":[{"taxonomy":"product_brand","embeddable":true,"href":"https:\/\/hcrepresentations.com\/es\/wp-json\/wp\/v2\/product_brand?post=4729"},{"taxonomy":"product_cat","embeddable":true,"href":"https:\/\/hcrepresentations.com\/es\/wp-json\/wp\/v2\/product_cat?post=4729"},{"taxonomy":"product_tag","embeddable":true,"href":"https:\/\/hcrepresentations.com\/es\/wp-json\/wp\/v2\/product_tag?post=4729"}],"curies":[{"name":"wp","href":"https:\/\/api.w.org\/{rel}","templated":true}]}}