{"id":4730,"date":"2025-10-31T15:00:35","date_gmt":"2025-10-31T18:00:35","guid":{"rendered":"https:\/\/hcrepresentations.com\/?post_type=product&#038;p=4730"},"modified":"2025-10-31T17:00:38","modified_gmt":"2025-10-31T20:00:38","slug":"acelerador-de-catalisacao-fastblu-personalize-1-1-ml","status":"publish","type":"product","link":"https:\/\/hcrepresentations.com\/es\/producto\/acelerador-de-catalisacao-fastblu-personalize-1-1-ml\/","title":{"rendered":"Acelerador de catalizaci\u00f3n FastBlu"},"content":{"rendered":"","protected":false},"excerpt":{"rendered":"<p>FastBlu, anteriormente FastCure, es el primer producto que acelera la catalizaci\u00f3n de su producto en gel. Con<br \/>\n Con su f\u00f3rmula innovadora y exclusiva, destaca y ofrece a los dise\u00f1adores de u\u00f1as la posibilidad de<br \/>\n Personalizar sus productos como prefiera.<br \/>\n Es la personalizaci\u00f3n y la versatilidad en la palma de su mano.<br \/>\n \u00bfPara qu\u00e9 sirve FastBlu?<br \/>\n FastBlu funciona como un acelerador de la catalizaci\u00f3n del gel de u\u00f1as y los top coats, aportando rapidez.<br \/>\n para su procedimiento.<\/p>","protected":false},"featured_media":4819,"comment_status":"closed","ping_status":"closed","template":"","meta":[],"product_brand":[],"product_cat":[98],"product_tag":[],"class_list":{"0":"post-4730","1":"product","2":"type-product","3":"status-publish","4":"has-post-thumbnail","6":"product_cat-bluwe","8":"first","9":"instock","10":"taxable","11":"shipping-taxable","12":"purchasable","13":"product-type-simple"},"_links":{"self":[{"href":"https:\/\/hcrepresentations.com\/es\/wp-json\/wp\/v2\/product\/4730","targetHints":{"allow":["GET"]}}],"collection":[{"href":"https:\/\/hcrepresentations.com\/es\/wp-json\/wp\/v2\/product"}],"about":[{"href":"https:\/\/hcrepresentations.com\/es\/wp-json\/wp\/v2\/types\/product"}],"replies":[{"embeddable":true,"href":"https:\/\/hcrepresentations.com\/es\/wp-json\/wp\/v2\/comments?post=4730"}],"wp:featuredmedia":[{"embeddable":true,"href":"https:\/\/hcrepresentations.com\/es\/wp-json\/wp\/v2\/media\/4819"}],"wp:attachment":[{"href":"https:\/\/hcrepresentations.com\/es\/wp-json\/wp\/v2\/media?parent=4730"}],"wp:term":[{"taxonomy":"product_brand","embeddable":true,"href":"https:\/\/hcrepresentations.com\/es\/wp-json\/wp\/v2\/product_brand?post=4730"},{"taxonomy":"product_cat","embeddable":true,"href":"https:\/\/hcrepresentations.com\/es\/wp-json\/wp\/v2\/product_cat?post=4730"},{"taxonomy":"product_tag","embeddable":true,"href":"https:\/\/hcrepresentations.com\/es\/wp-json\/wp\/v2\/product_tag?post=4730"}],"curies":[{"name":"wp","href":"https:\/\/api.w.org\/{rel}","templated":true}]}}