{"id":4956,"date":"2025-11-12T23:15:21","date_gmt":"2025-11-13T02:15:21","guid":{"rendered":"https:\/\/hcrepresentations.com\/?post_type=product&#038;p=4956"},"modified":"2026-03-20T16:35:02","modified_gmt":"2026-03-20T19:35:02","slug":"gel-construtor-luminous-star-nude","status":"publish","type":"product","link":"https:\/\/hcrepresentations.com\/es\/producto\/gel-construtor-luminous-star-nude\/","title":{"rendered":"Gel Construtor Luminous Star Nude"},"content":{"rendered":"","protected":false},"excerpt":{"rendered":"<p>Luminous Star Nude 25 g \u2013<br \/>\nNude Sofisticado con Brillo Hologr\u00e1fico<br \/>\nEl Gel Construtor Luminous Star Nude Uze Nails es la elecci\u00f3n perfecta para quienes buscan un nude elegante.<br \/>\ncon un sorprendente toque de brillo. Su f\u00f3rmula exclusiva contiene part\u00edculas de brillo hologr\u00e1fico.<br \/>\ne prata, creando un efecto luminoso incre\u00edble bajo cualquier luz. Un look moderno, vers\u00e1til y lleno de<br \/>\npersonalidad para valorizar a\u00fan m\u00e1s sus creaciones.<br \/>\nEfecto luminoso, f\u00e1cil aplicaci\u00f3n y resultado impecable.<br \/>\nAdem\u00e1s de su belleza \u00fanica, Luminous Star Nude cuenta con la tecnolog\u00eda Static Gel, que mantiene el producto<br \/>\nFirme dentro del bote, sin escurrir. Se autonivela en la u\u00f1a, facilitando la construcci\u00f3n de la estructura con<br \/>\nprecisi\u00f3n y agilidad.<br \/>\nPerfecto para extensiones naturales, francesas diferentes, lechos camuflados y decoraciones creativas.<br \/>\nOfrece alta adherencia, curvatura est\u00e1tica duradera, resistencia a los impactos y no amarillea con el tiempo.<br \/>\nritmo.<br \/>\nBeneficios que mejoran su trabajo:<br \/>\nTransl\u00facido nude con brillo hologr\u00e1fico y plata.<br \/>\nEfecto luminoso bajo cualquier iluminaci\u00f3n<br \/>\nNo se derrama y se nivela f\u00e1cilmente.<br \/>\nCurvatura estable hasta el mantenimiento<br \/>\nAlta resistencia a los impactos<br \/>\nN\u00e3o amarela<br \/>\nPart\u00edculas especiales que reducen el polvo en suspensi\u00f3n durante el lijado.<br \/>\nBaixo aquecimento<br \/>\nEnvase exclusivo resistente a la luz ultravioleta<br \/>\nComo usar:<br \/>\nDespu\u00e9s de preparar correctamente la u\u00f1a natural, aplique una capa fina del Gel Luminous Star Nude con el<br \/>\nPincel adecuado, moldeando seg\u00fan la t\u00e9cnica elegida. Lleve a la cabina LED\/UV durante 8 a 20 segundos.<br \/>\npara precurvar. A continuaci\u00f3n, coloque la pinza y vuelva a la cabina durante otros 120 segundos para el curado.<br \/>\ncompleta.<br \/>\nEl tiempo puede variar seg\u00fan la potencia de su cabina.<br \/>\nDiferenciais Uze Nails:<br \/>\nLivre de HEMA<br \/>\nLibro de TPO<br \/>\nNo probado en animales. <\/p>","protected":false},"featured_media":4915,"comment_status":"closed","ping_status":"closed","template":"","meta":[],"product_brand":[],"product_cat":[137],"product_tag":[],"class_list":{"0":"post-4956","1":"product","2":"type-product","3":"status-publish","4":"has-post-thumbnail","6":"product_cat-uze","8":"first","9":"instock","10":"taxable","11":"shipping-taxable","12":"purchasable","13":"product-type-simple"},"_links":{"self":[{"href":"https:\/\/hcrepresentations.com\/es\/wp-json\/wp\/v2\/product\/4956","targetHints":{"allow":["GET"]}}],"collection":[{"href":"https:\/\/hcrepresentations.com\/es\/wp-json\/wp\/v2\/product"}],"about":[{"href":"https:\/\/hcrepresentations.com\/es\/wp-json\/wp\/v2\/types\/product"}],"replies":[{"embeddable":true,"href":"https:\/\/hcrepresentations.com\/es\/wp-json\/wp\/v2\/comments?post=4956"}],"wp:featuredmedia":[{"embeddable":true,"href":"https:\/\/hcrepresentations.com\/es\/wp-json\/wp\/v2\/media\/4915"}],"wp:attachment":[{"href":"https:\/\/hcrepresentations.com\/es\/wp-json\/wp\/v2\/media?parent=4956"}],"wp:term":[{"taxonomy":"product_brand","embeddable":true,"href":"https:\/\/hcrepresentations.com\/es\/wp-json\/wp\/v2\/product_brand?post=4956"},{"taxonomy":"product_cat","embeddable":true,"href":"https:\/\/hcrepresentations.com\/es\/wp-json\/wp\/v2\/product_cat?post=4956"},{"taxonomy":"product_tag","embeddable":true,"href":"https:\/\/hcrepresentations.com\/es\/wp-json\/wp\/v2\/product_tag?post=4956"}],"curies":[{"name":"wp","href":"https:\/\/api.w.org\/{rel}","templated":true}]}}