{"id":4957,"date":"2025-11-12T23:15:21","date_gmt":"2025-11-13T02:15:21","guid":{"rendered":"https:\/\/hcrepresentations.com\/?post_type=product&#038;p=4957"},"modified":"2026-02-16T01:12:27","modified_gmt":"2026-02-16T04:12:27","slug":"gel-construtor-luminous-star-pink","status":"publish","type":"product","link":"https:\/\/hcrepresentations.com\/es\/producto\/gel-construtor-luminous-star-pink\/","title":{"rendered":"Gel Construtor Luminous Star Rosa"},"content":{"rendered":"","protected":false},"excerpt":{"rendered":"<p>Estrella luminosa rosa 25 g \u2013<br \/>\nBrillo irresistible, resultado profesional<br \/>\nEl Gel Construtor Luminous Star Pink Uze Nails ha sido creado para quienes desean combinar sofisticaci\u00f3n y delicadeza.<br \/>\ny un toque de brillo \u00fanico en las u\u00f1as. Con un tono rosa transl\u00facido y part\u00edculas de brillo iridiscente y<br \/>\nblanco, proporciona un efecto luminoso incre\u00edble bajo cualquier luz, realzando a\u00fan m\u00e1s cada detalle.<br \/>\nen su trabajo.<br \/>\nBelleza, control y resistencia en un solo producto.<br \/>\nAdem\u00e1s de su encantador aspecto, Luminous Star Pink es f\u00e1cil de aplicar y ofrece un control total gracias a su exclusiva<br \/>\nTecnolog\u00eda Static Gel: el gel permanece firme en el envase, no se derrama y se nivela con precisi\u00f3n.<br \/>\nagilizando el proceso y garantizando un acabado perfecto.<br \/>\nSu f\u00f3rmula ha sido dise\u00f1ada para extensiones naturales, puntas francesas modernas, bordes camuflados y<br \/>\nDecoraciones creativas. No amarillea, tiene una alta adherencia y curvatura est\u00e1tica que se mantiene hasta la<br \/>\npr\u00f3xima mantenimiento.<br \/>\nBeneficios que transforman su servicio:<br \/>\nRosa transl\u00facido con brillo iridiscente y blanco.<br \/>\nEfecto luminoso bajo cualquier luz<br \/>\nNo se derrama y se nivela f\u00e1cilmente.<br \/>\nCurvatura estable hasta el mantenimiento<br \/>\nAlta resistencia a los impactos<br \/>\nN\u00e3o amarela<br \/>\nPart\u00edculas que reducen el polvo en suspensi\u00f3n durante el lijado.<br \/>\nBaixo aquecimento<br \/>\nPote exclusivo y resistente a la luz UV<br \/>\nComo usar:<br \/>\nDespu\u00e9s de preparar completamente la u\u00f1a natural, aplique una capa fina del Gel Luminous Star Pink con el<br \/>\nPincel adecuado, modelando seg\u00fan la t\u00e9cnica elegida. Lleve a la cabina LED\/UV durante 8 a 20 segundos.<br \/>\npara realizar la pre-curvatura. Despu\u00e9s, aplique la pinza y vuelva a la cabina durante otros 120 segundos para la<br \/>\ncuraci\u00f3n completa.<br \/>\nEl tiempo puede variar seg\u00fan la potencia de la cabina.<br \/>\nDiferenciais Uze Nails:<br \/>\nLivre de HEMA<br \/>\nLibro de TPO<br \/>\nNo probado en animales. <\/p>","protected":false},"featured_media":5018,"comment_status":"closed","ping_status":"closed","template":"","meta":[],"product_brand":[],"product_cat":[137],"product_tag":[],"class_list":{"0":"post-4957","1":"product","2":"type-product","3":"status-publish","4":"has-post-thumbnail","6":"product_cat-uze","8":"first","9":"instock","10":"taxable","11":"shipping-taxable","12":"purchasable","13":"product-type-simple"},"_links":{"self":[{"href":"https:\/\/hcrepresentations.com\/es\/wp-json\/wp\/v2\/product\/4957","targetHints":{"allow":["GET"]}}],"collection":[{"href":"https:\/\/hcrepresentations.com\/es\/wp-json\/wp\/v2\/product"}],"about":[{"href":"https:\/\/hcrepresentations.com\/es\/wp-json\/wp\/v2\/types\/product"}],"replies":[{"embeddable":true,"href":"https:\/\/hcrepresentations.com\/es\/wp-json\/wp\/v2\/comments?post=4957"}],"wp:featuredmedia":[{"embeddable":true,"href":"https:\/\/hcrepresentations.com\/es\/wp-json\/wp\/v2\/media\/5018"}],"wp:attachment":[{"href":"https:\/\/hcrepresentations.com\/es\/wp-json\/wp\/v2\/media?parent=4957"}],"wp:term":[{"taxonomy":"product_brand","embeddable":true,"href":"https:\/\/hcrepresentations.com\/es\/wp-json\/wp\/v2\/product_brand?post=4957"},{"taxonomy":"product_cat","embeddable":true,"href":"https:\/\/hcrepresentations.com\/es\/wp-json\/wp\/v2\/product_cat?post=4957"},{"taxonomy":"product_tag","embeddable":true,"href":"https:\/\/hcrepresentations.com\/es\/wp-json\/wp\/v2\/product_tag?post=4957"}],"curies":[{"name":"wp","href":"https:\/\/api.w.org\/{rel}","templated":true}]}}