{"id":5004,"date":"2025-11-12T23:15:29","date_gmt":"2025-11-13T02:15:29","guid":{"rendered":"https:\/\/hcrepresentations.com\/?post_type=product&#038;p=5004"},"modified":"2025-11-27T20:27:03","modified_gmt":"2025-11-27T23:27:03","slug":"4-de-4-kit-bluwe-glam-fine","status":"publish","type":"product","link":"https:\/\/hcrepresentations.com\/es\/producto\/4-de-4-kit-bluwe-glam-fine\/","title":{"rendered":"4\/ de 4 Kit Bluwe Glam Fine"},"content":{"rendered":"","protected":false},"excerpt":{"rendered":"<p>Glam Fine \u2013 Kit con 4 esmaltes<br \/>\nGlam Fine es un kit compuesto por 4 esmaltes en gel.<br \/>\n(Navy Shine, Off Shine, Blush Shine y Bord\u00f4 Shine), cada uno<br \/>\ncon 9 ml, que cuentan con la intensidad, la delicadeza y la<br \/>\nexclusividad de los brillos para adaptarse a todos los estilos.<br \/>\nEs ideal para triunfar en fechas conmemorativas.<br \/>\nespecialmente en las fiestas de fin de a\u00f1o. Con cobertura<br \/>\nLisos y uniformes, los esmaltes en gel son opciones disponibles.<br \/>\npara que un dise\u00f1ador de u\u00f1as fidelice a\u00fan m\u00e1s a sus clientes en<br \/>\nmesa.<br \/>\nModo de uso<br \/>\nAplique el producto para finalizar su procedimiento y<br \/>\ncatalizar bajo luz UV de 60 a 120 segundos (dependiendo de<br \/>\ncabina utilizada).<\/p>","protected":false},"featured_media":4891,"comment_status":"closed","ping_status":"closed","template":"","meta":[],"product_brand":[],"product_cat":[98],"product_tag":[],"class_list":{"0":"post-5004","1":"product","2":"type-product","3":"status-publish","4":"has-post-thumbnail","6":"product_cat-bluwe","8":"first","9":"instock","10":"taxable","11":"shipping-taxable","12":"purchasable","13":"product-type-simple"},"_links":{"self":[{"href":"https:\/\/hcrepresentations.com\/es\/wp-json\/wp\/v2\/product\/5004","targetHints":{"allow":["GET"]}}],"collection":[{"href":"https:\/\/hcrepresentations.com\/es\/wp-json\/wp\/v2\/product"}],"about":[{"href":"https:\/\/hcrepresentations.com\/es\/wp-json\/wp\/v2\/types\/product"}],"replies":[{"embeddable":true,"href":"https:\/\/hcrepresentations.com\/es\/wp-json\/wp\/v2\/comments?post=5004"}],"wp:featuredmedia":[{"embeddable":true,"href":"https:\/\/hcrepresentations.com\/es\/wp-json\/wp\/v2\/media\/4891"}],"wp:attachment":[{"href":"https:\/\/hcrepresentations.com\/es\/wp-json\/wp\/v2\/media?parent=5004"}],"wp:term":[{"taxonomy":"product_brand","embeddable":true,"href":"https:\/\/hcrepresentations.com\/es\/wp-json\/wp\/v2\/product_brand?post=5004"},{"taxonomy":"product_cat","embeddable":true,"href":"https:\/\/hcrepresentations.com\/es\/wp-json\/wp\/v2\/product_cat?post=5004"},{"taxonomy":"product_tag","embeddable":true,"href":"https:\/\/hcrepresentations.com\/es\/wp-json\/wp\/v2\/product_tag?post=5004"}],"curies":[{"name":"wp","href":"https:\/\/api.w.org\/{rel}","templated":true}]}}