{"id":5005,"date":"2025-11-12T23:15:29","date_gmt":"2025-11-13T02:15:29","guid":{"rendered":"https:\/\/hcrepresentations.com\/?post_type=product&#038;p=5005"},"modified":"2025-11-13T06:57:10","modified_gmt":"2025-11-13T09:57:10","slug":"kit-bluwe-glitterblu","status":"publish","type":"product","link":"https:\/\/hcrepresentations.com\/es\/producto\/kit-bluwe-glitterblu\/","title":{"rendered":"Kit Bluwe GlitterBlu"},"content":{"rendered":"","protected":false},"excerpt":{"rendered":"<p>GlitterBlu \u2013 Kit con 8 purpurinas <\/p>\n<p>GlitterBlu Bluwe es un producto innovador que permite la creatividad sin l\u00edmites de los dise\u00f1adores de u\u00f1as. De<br \/>\nL\u00ednea Personalize, el brillo es la posibilidad de crear mezclas en la mesa con la seguridad de Bluwe y<br \/>\nEl kit incluye 8 botes de brillo de 0,5 g cada uno.<br \/>\nCuando se mezcla con el Gel Personalize, el producto adquiere una consistencia firme, pero ligera, con colores<br \/>\nfortalezas, autonom\u00eda en el trabajo y aporta m\u00e1s valor a la profesi\u00f3n. El Kit GlitterBlu est\u00e1 compuesto por 8<br \/>\nbrillos de 0,5 g cada uno:<br \/>\nN\u00e9ctar, con predominio de los colores verde y dorado;<br \/>\nEsencia, con predominio del color plateado;<br \/>\nInfusi\u00f3n, con predominio de los colores naranja, morado y verde;<br \/>\nNiebla, con predominio de los colores blanco y plateado;<br \/>\nFavo, con predominio de los colores blanco, verde y naranja;<br \/>\nP\u00f3len, con predominio del color champ\u00e1n;<br \/>\nAura, con predominio del color rosa;<br \/>\nElixir, con predominio multicolor.<br \/>\nGlitterBlu debe utilizarse exclusivamente con los dem\u00e1s productos de la l\u00ednea Personalize.<br \/>\nModo de uso<br \/>\nAplique la cantidad deseada de brillo exclusivamente en el Gel Personalize Bluwe. Mezcle hasta obtener una<br \/>\ntextura homog\u00e9nea y aplique el gel sobre las u\u00f1as preparadas. Deje que el gel se polimerice. <\/p>","protected":false},"featured_media":5029,"comment_status":"closed","ping_status":"closed","template":"","meta":[],"product_brand":[],"product_cat":[98],"product_tag":[],"class_list":{"0":"post-5005","1":"product","2":"type-product","3":"status-publish","4":"has-post-thumbnail","6":"product_cat-bluwe","8":"first","9":"instock","10":"taxable","11":"shipping-taxable","12":"purchasable","13":"product-type-simple"},"_links":{"self":[{"href":"https:\/\/hcrepresentations.com\/es\/wp-json\/wp\/v2\/product\/5005","targetHints":{"allow":["GET"]}}],"collection":[{"href":"https:\/\/hcrepresentations.com\/es\/wp-json\/wp\/v2\/product"}],"about":[{"href":"https:\/\/hcrepresentations.com\/es\/wp-json\/wp\/v2\/types\/product"}],"replies":[{"embeddable":true,"href":"https:\/\/hcrepresentations.com\/es\/wp-json\/wp\/v2\/comments?post=5005"}],"wp:featuredmedia":[{"embeddable":true,"href":"https:\/\/hcrepresentations.com\/es\/wp-json\/wp\/v2\/media\/5029"}],"wp:attachment":[{"href":"https:\/\/hcrepresentations.com\/es\/wp-json\/wp\/v2\/media?parent=5005"}],"wp:term":[{"taxonomy":"product_brand","embeddable":true,"href":"https:\/\/hcrepresentations.com\/es\/wp-json\/wp\/v2\/product_brand?post=5005"},{"taxonomy":"product_cat","embeddable":true,"href":"https:\/\/hcrepresentations.com\/es\/wp-json\/wp\/v2\/product_cat?post=5005"},{"taxonomy":"product_tag","embeddable":true,"href":"https:\/\/hcrepresentations.com\/es\/wp-json\/wp\/v2\/product_tag?post=5005"}],"curies":[{"name":"wp","href":"https:\/\/api.w.org\/{rel}","templated":true}]}}