{"id":5006,"date":"2025-11-12T23:15:29","date_gmt":"2025-11-13T02:15:29","guid":{"rendered":"https:\/\/hcrepresentations.com\/?post_type=product&#038;p=5006"},"modified":"2025-11-13T06:57:10","modified_gmt":"2025-11-13T09:57:10","slug":"kit-bluwe-colorblu-personalize","status":"publish","type":"product","link":"https:\/\/hcrepresentations.com\/es\/producto\/kit-bluwe-colorblu-personalize\/","title":{"rendered":"Kit Bluwe ColorBlu Personalizar"},"content":{"rendered":"","protected":false},"excerpt":{"rendered":"<p>ColorBlu \u2013 Kit con 4 colores <\/p>\n<p>ColorBlu Bluwe es un producto innovador que permite la creatividad sin l\u00edmites de los dise\u00f1adores de u\u00f1as. El kit<br \/>\nForma parte de la l\u00ednea Personalize y cuenta con 4 pigmentos de 11 ml cada uno en los colores amarillo, azul y blanco.<br \/>\n(que da opacidad al color creado) y rojo para que el profesional cree los tonos de gel que desee.<br \/>\nCon este producto hipoalerg\u00e9nico en la mesa, ahora un dise\u00f1ador de u\u00f1as puede crear mezclas profesionales.<br \/>\ncon la seguridad que solo Bluwe ofrece y la libertad creativa de la u\u00f1a.<br \/>\nLa mezcla de ColorBlu + Gel Personalize agrega m\u00e1s valor al trabajo de los profesionales, que<br \/>\nobtenga m\u00e1s autonom\u00eda y exclusividad en la mesa.<br \/>\nColorBlu debe utilizarse exclusivamente con los dem\u00e1s productos de la l\u00ednea Personalize.<br \/>\nModo de uso<br \/>\nAplique la cantidad deseada de brillo exclusivamente en el Gel Personalize Bluwe. Mezcle hasta obtener una<br \/>\ntextura homog\u00e9nea y aplique el gel sobre las u\u00f1as preparadas. Deje que el gel se polimerice. <\/p>","protected":false},"featured_media":4893,"comment_status":"closed","ping_status":"closed","template":"","meta":[],"product_brand":[],"product_cat":[98],"product_tag":[],"class_list":{"0":"post-5006","1":"product","2":"type-product","3":"status-publish","4":"has-post-thumbnail","6":"product_cat-bluwe","8":"first","9":"instock","10":"taxable","11":"shipping-taxable","12":"purchasable","13":"product-type-simple"},"_links":{"self":[{"href":"https:\/\/hcrepresentations.com\/es\/wp-json\/wp\/v2\/product\/5006","targetHints":{"allow":["GET"]}}],"collection":[{"href":"https:\/\/hcrepresentations.com\/es\/wp-json\/wp\/v2\/product"}],"about":[{"href":"https:\/\/hcrepresentations.com\/es\/wp-json\/wp\/v2\/types\/product"}],"replies":[{"embeddable":true,"href":"https:\/\/hcrepresentations.com\/es\/wp-json\/wp\/v2\/comments?post=5006"}],"wp:featuredmedia":[{"embeddable":true,"href":"https:\/\/hcrepresentations.com\/es\/wp-json\/wp\/v2\/media\/4893"}],"wp:attachment":[{"href":"https:\/\/hcrepresentations.com\/es\/wp-json\/wp\/v2\/media?parent=5006"}],"wp:term":[{"taxonomy":"product_brand","embeddable":true,"href":"https:\/\/hcrepresentations.com\/es\/wp-json\/wp\/v2\/product_brand?post=5006"},{"taxonomy":"product_cat","embeddable":true,"href":"https:\/\/hcrepresentations.com\/es\/wp-json\/wp\/v2\/product_cat?post=5006"},{"taxonomy":"product_tag","embeddable":true,"href":"https:\/\/hcrepresentations.com\/es\/wp-json\/wp\/v2\/product_tag?post=5006"}],"curies":[{"name":"wp","href":"https:\/\/api.w.org\/{rel}","templated":true}]}}