{"id":5007,"date":"2025-11-12T23:15:29","date_gmt":"2025-11-13T02:15:29","guid":{"rendered":"https:\/\/hcrepresentations.com\/?post_type=product&#038;p=5007"},"modified":"2025-11-13T06:57:10","modified_gmt":"2025-11-13T09:57:10","slug":"gel-personalize-10g","status":"publish","type":"product","link":"https:\/\/hcrepresentations.com\/es\/producto\/gel-personalize-10g\/","title":{"rendered":"Gel Personalizar 10g"},"content":{"rendered":"","protected":false},"excerpt":{"rendered":"<p>El Gel Personalize 10 g Azul es un producto altamente<br \/>\nresistente, autonivelante y se adapta f\u00e1cilmente a<br \/>\ntodos los tipos de u\u00f1as naturales con su consistencia<br \/>\nfirme, pero m\u00e1s suave.<br \/>\nLa innovadora f\u00f3rmula del Gel Personalize tiene un alto contenido en<br \/>\nviscosidad, durabilidad y calidad. Su gran<br \/>\nLa diferencia es que es transparente, lo que garantiza la<br \/>\nPosibilidad de personalizar el gel de u\u00f1as Bluwe \u00fanica.<br \/>\ny exclusivamente con colores y otros productos de la l\u00ednea<br \/>\nPersonaliza Bluwe.<br \/>\nAs\u00ed, es posible transformar el gel de u\u00f1as seg\u00fan la<br \/>\nnecesidad y preferencia de color deseadas en la mesa.<br \/>\nEsta posibilidad da m\u00e1s autonom\u00eda a las u\u00f1as.<br \/>\ndise\u00f1adores y le da m\u00e1s valor a la profesi\u00f3n.<br \/>\nRealice la preparaci\u00f3n f\u00edsica y qu\u00edmica de la u\u00f1a natural. En<br \/>\nA continuaci\u00f3n, aplique una capa del producto molde\u00e1ndolo.<br \/>\nComo desee. Polimerizar bajo luz UV durante 120 segundos. <\/p>","protected":false},"featured_media":4896,"comment_status":"closed","ping_status":"closed","template":"","meta":[],"product_brand":[],"product_cat":[98],"product_tag":[],"class_list":{"0":"post-5007","1":"product","2":"type-product","3":"status-publish","4":"has-post-thumbnail","6":"product_cat-bluwe","8":"first","9":"instock","10":"taxable","11":"shipping-taxable","12":"purchasable","13":"product-type-simple"},"_links":{"self":[{"href":"https:\/\/hcrepresentations.com\/es\/wp-json\/wp\/v2\/product\/5007","targetHints":{"allow":["GET"]}}],"collection":[{"href":"https:\/\/hcrepresentations.com\/es\/wp-json\/wp\/v2\/product"}],"about":[{"href":"https:\/\/hcrepresentations.com\/es\/wp-json\/wp\/v2\/types\/product"}],"replies":[{"embeddable":true,"href":"https:\/\/hcrepresentations.com\/es\/wp-json\/wp\/v2\/comments?post=5007"}],"wp:featuredmedia":[{"embeddable":true,"href":"https:\/\/hcrepresentations.com\/es\/wp-json\/wp\/v2\/media\/4896"}],"wp:attachment":[{"href":"https:\/\/hcrepresentations.com\/es\/wp-json\/wp\/v2\/media?parent=5007"}],"wp:term":[{"taxonomy":"product_brand","embeddable":true,"href":"https:\/\/hcrepresentations.com\/es\/wp-json\/wp\/v2\/product_brand?post=5007"},{"taxonomy":"product_cat","embeddable":true,"href":"https:\/\/hcrepresentations.com\/es\/wp-json\/wp\/v2\/product_cat?post=5007"},{"taxonomy":"product_tag","embeddable":true,"href":"https:\/\/hcrepresentations.com\/es\/wp-json\/wp\/v2\/product_tag?post=5007"}],"curies":[{"name":"wp","href":"https:\/\/api.w.org\/{rel}","templated":true}]}}