{"id":5008,"date":"2025-11-12T23:15:29","date_gmt":"2025-11-13T02:15:29","guid":{"rendered":"https:\/\/hcrepresentations.com\/?post_type=product&#038;p=5008"},"modified":"2026-01-13T17:48:24","modified_gmt":"2026-01-13T20:48:24","slug":"kit-bluwe-glam-bold","status":"publish","type":"product","link":"https:\/\/hcrepresentations.com\/es\/producto\/kit-bluwe-glam-bold\/","title":{"rendered":"Kit Bluwe Glam Bold"},"content":{"rendered":"","protected":false},"excerpt":{"rendered":"<p>Glam Bold \u2013 Kit con 4 esmaltes de u\u00f1as<br \/>\nGlam Bold es un kit compuesto por 4 esmaltes en gel.<br \/>\n(Brillo dorado, brillo plateado, brillo champ\u00e1n y rosado<br \/>\nShine), cada uno con 9 ml, que cuentan con la intensidad y<br \/>\nLa exclusividad de los brillos para adaptarse a todos los estilos.<br \/>\nEs ideal para triunfar en fechas conmemorativas.<br \/>\nespecialmente en las fiestas de fin de a\u00f1o. Con cobertura<br \/>\nLisos y uniformes, los esmaltes en gel son opciones disponibles.<br \/>\npara que un dise\u00f1ador de u\u00f1as fidelice a\u00fan m\u00e1s a sus clientes en<br \/>\nmesa. <\/p>","protected":false},"featured_media":4900,"comment_status":"closed","ping_status":"closed","template":"","meta":[],"product_brand":[],"product_cat":[98],"product_tag":[],"class_list":{"0":"post-5008","1":"product","2":"type-product","3":"status-publish","4":"has-post-thumbnail","6":"product_cat-bluwe","8":"first","9":"instock","10":"taxable","11":"shipping-taxable","12":"purchasable","13":"product-type-simple"},"_links":{"self":[{"href":"https:\/\/hcrepresentations.com\/es\/wp-json\/wp\/v2\/product\/5008","targetHints":{"allow":["GET"]}}],"collection":[{"href":"https:\/\/hcrepresentations.com\/es\/wp-json\/wp\/v2\/product"}],"about":[{"href":"https:\/\/hcrepresentations.com\/es\/wp-json\/wp\/v2\/types\/product"}],"replies":[{"embeddable":true,"href":"https:\/\/hcrepresentations.com\/es\/wp-json\/wp\/v2\/comments?post=5008"}],"wp:featuredmedia":[{"embeddable":true,"href":"https:\/\/hcrepresentations.com\/es\/wp-json\/wp\/v2\/media\/4900"}],"wp:attachment":[{"href":"https:\/\/hcrepresentations.com\/es\/wp-json\/wp\/v2\/media?parent=5008"}],"wp:term":[{"taxonomy":"product_brand","embeddable":true,"href":"https:\/\/hcrepresentations.com\/es\/wp-json\/wp\/v2\/product_brand?post=5008"},{"taxonomy":"product_cat","embeddable":true,"href":"https:\/\/hcrepresentations.com\/es\/wp-json\/wp\/v2\/product_cat?post=5008"},{"taxonomy":"product_tag","embeddable":true,"href":"https:\/\/hcrepresentations.com\/es\/wp-json\/wp\/v2\/product_tag?post=5008"}],"curies":[{"name":"wp","href":"https:\/\/api.w.org\/{rel}","templated":true}]}}