{"id":5010,"date":"2025-11-12T23:15:29","date_gmt":"2025-11-13T02:15:29","guid":{"rendered":"https:\/\/hcrepresentations.com\/?post_type=product&#038;p=5010"},"modified":"2026-04-12T15:29:16","modified_gmt":"2026-04-12T18:29:16","slug":"profix-capa-base-construcao-nails-21-maskara-12ml","status":"publish","type":"product","link":"https:\/\/hcrepresentations.com\/es\/producto\/profix-capa-base-construcao-nails-21-maskara-12ml\/","title":{"rendered":"Profix Capa Base + Constru\u00e7\u00e3o U\u00f1as 21 Maskara 12ml"},"content":{"rendered":"","protected":false},"excerpt":{"rendered":"<p>M\u00e1s que un gel, es una revoluci\u00f3n para su escritorio.<br \/>\n\u00bfSe ha imaginado alguna vez fortalecer, alargar y dar estructura, todo con el mismo producto? Eso es PROFIX. Este<br \/>\nEl producto combina una capa base y un gel de construcci\u00f3n en un solo producto. Con pincel incorporado, usted gana<br \/>\nAgilidad en la mesa y control total.<br \/>\nDisponible en 12 ml.<br \/>\n\u00bfFI? \u00bfFibra? \u00bfMolde? \u00bfBa\u00f1o de gel? \u00a1Todo vale!<br \/>\nPROFIX es un gel con encaje molecular optimizado, que se adapta como una segunda piel.<br \/>\nTiene alta adherencia, m\u00e1xima resistencia y una aplicaci\u00f3n simplificada.<br \/>\nGarantiza una curvatura firme, estable y segura de principio a fin, \u00a1incluso en formatos m\u00e1s largos!<br \/>\nTiene bajo calentamiento y la innovadora tecnolog\u00eda Smart Tone; una memoria de tono perfecta despu\u00e9s de<br \/>\ncatalizar\u00e1n y pulir\u00e1n, respetando, valorizando y uniformizando la naturalidad de la u\u00f1a natural, y sin<br \/>\nmanchar.<br \/>\nPROFIX es inteligente. Es \u00e1gil. Es fuerte.<br \/>\nPrep\u00e1rate para enamorarte de la actuaci\u00f3n... y de los resultados.<br \/>\nPROFIX, otra innovaci\u00f3n pionera y exclusiva de Nails 21.<br \/>\nUsted se merece el futuro del gel en sus manos para obtener resultados profesionales de excelencia. <\/p>","protected":false},"featured_media":4906,"comment_status":"closed","ping_status":"closed","template":"","meta":[],"product_brand":[],"product_cat":[132],"product_tag":[],"class_list":{"0":"post-5010","1":"product","2":"type-product","3":"status-publish","4":"has-post-thumbnail","6":"product_cat-nails-21","8":"first","9":"instock","10":"taxable","11":"shipping-taxable","12":"purchasable","13":"product-type-simple"},"_links":{"self":[{"href":"https:\/\/hcrepresentations.com\/es\/wp-json\/wp\/v2\/product\/5010","targetHints":{"allow":["GET"]}}],"collection":[{"href":"https:\/\/hcrepresentations.com\/es\/wp-json\/wp\/v2\/product"}],"about":[{"href":"https:\/\/hcrepresentations.com\/es\/wp-json\/wp\/v2\/types\/product"}],"replies":[{"embeddable":true,"href":"https:\/\/hcrepresentations.com\/es\/wp-json\/wp\/v2\/comments?post=5010"}],"wp:featuredmedia":[{"embeddable":true,"href":"https:\/\/hcrepresentations.com\/es\/wp-json\/wp\/v2\/media\/4906"}],"wp:attachment":[{"href":"https:\/\/hcrepresentations.com\/es\/wp-json\/wp\/v2\/media?parent=5010"}],"wp:term":[{"taxonomy":"product_brand","embeddable":true,"href":"https:\/\/hcrepresentations.com\/es\/wp-json\/wp\/v2\/product_brand?post=5010"},{"taxonomy":"product_cat","embeddable":true,"href":"https:\/\/hcrepresentations.com\/es\/wp-json\/wp\/v2\/product_cat?post=5010"},{"taxonomy":"product_tag","embeddable":true,"href":"https:\/\/hcrepresentations.com\/es\/wp-json\/wp\/v2\/product_tag?post=5010"}],"curies":[{"name":"wp","href":"https:\/\/api.w.org\/{rel}","templated":true}]}}