{"id":5048,"date":"2025-11-18T13:41:12","date_gmt":"2025-11-18T16:41:12","guid":{"rendered":"https:\/\/hcrepresentations.com\/?post_type=product&#038;p=5048"},"modified":"2026-03-06T17:01:52","modified_gmt":"2026-03-06T20:01:52","slug":"prep-anylovy-500ml-refil-profissional-economia-e-praticidade","status":"publish","type":"product","link":"https:\/\/hcrepresentations.com\/es\/producto\/prep-anylovy-500ml-refil-profissional-economia-e-praticidade\/","title":{"rendered":"Prep Anylovy 500ml Refil Profissional Economia e Praticidade"},"content":{"rendered":"","protected":false},"excerpt":{"rendered":"<p style=\"margin: 0in;font-family: Calibri;font-size: 11.0pt\">El spray antibacteriano Anylovy es ideal para garantizar la higiene y protecci\u00f3n de las u\u00f1as antes de<\/p>\n<p style=\"margin: 0in;font-family: Calibri;font-size: 11.0pt\">cualquier procedimiento.<\/p>\n<p style=\"margin: 0in;font-family: Calibri;font-size: 11.0pt\">El Prep Anylovy 500 ml es la soluci\u00f3n inteligente para quienes buscan mayor econom\u00eda y eficiencia en el cuidado de las u\u00f1as.<\/p>\n<p style=\"margin: 0in;font-family: Calibri;font-size: 11.0pt\">Dise\u00f1o.<\/p>\n<p style=\"margin: 0in;font-family: Calibri;font-size: 11.0pt\">Con f\u00f3rmula antibacteriana, elimina los residuos de grasa y las impurezas, preparando la superficie de la u\u00f1a para una mejor adherencia de geles, esmaltes y otros productos.<\/p>\n<p style=\"margin: 0in;font-family: Calibri;font-size: 11.0pt\">Llene el frasco rociador de 120 ml y disfrute de una aplicaci\u00f3n r\u00e1pida, uniforme y pr\u00e1ctica.<\/p>\n<p style=\"margin: 0in;font-family: Calibri;font-size: 11.0pt\">Perfecto para profesionales de u\u00f1as y cuidado personal, Prep Anylovy garantiza que sus u\u00f1as<\/p>\n<p style=\"margin: 0in;font-family: Calibri;font-size: 11.0pt\">Mant\u00e9ngalas siempre limpias y preparadas para estiramientos y esmaltados.<\/p>\n<p style=\"margin: 0in;font-family: Calibri;font-size: 11.0pt\">Beneficios que encantan:<\/p>\n<p style=\"margin: 0in;font-family: Calibri;font-size: 11.0pt\">M\u00e1s ahorro en su escritorio<\/p>\n<p style=\"margin: 0in;font-family: Calibri;font-size: 11.0pt\">F\u00f3rmula antibacteriana para una higiene m\u00e1xima.<\/p>\n<p style=\"margin: 0in;font-family: Calibri;font-size: 11.0pt\">Lo pr\u00e1ctico de reabastecer y reducir el desperdicio<\/p>\n<p style=\"margin: 0in;font-family: Calibri;font-size: 11.0pt\">La rapidez en la atenci\u00f3n y la preparaci\u00f3n de las u\u00f1as.<\/p>\n<p style=\"margin: 0in;font-family: Calibri;font-size: 11.0pt\">Ayuda a prevenir desprendimientos y garantiza una fijaci\u00f3n prolongada.<\/p>\n<p style=\"margin: 0in;font-family: Calibri;font-size: 11.0pt\">Hecho para ti, que quieres combinar eficiencia, calidad y econom\u00eda en el cuidado de tus u\u00f1as.<\/p>","protected":false},"featured_media":5049,"comment_status":"open","ping_status":"closed","template":"","meta":[],"product_brand":[],"product_cat":[138],"product_tag":[],"class_list":{"0":"post-5048","1":"product","2":"type-product","3":"status-publish","4":"has-post-thumbnail","6":"product_cat-anylovy","8":"first","9":"instock","10":"sale","11":"taxable","12":"shipping-taxable","13":"purchasable","14":"product-type-simple"},"_links":{"self":[{"href":"https:\/\/hcrepresentations.com\/es\/wp-json\/wp\/v2\/product\/5048","targetHints":{"allow":["GET"]}}],"collection":[{"href":"https:\/\/hcrepresentations.com\/es\/wp-json\/wp\/v2\/product"}],"about":[{"href":"https:\/\/hcrepresentations.com\/es\/wp-json\/wp\/v2\/types\/product"}],"replies":[{"embeddable":true,"href":"https:\/\/hcrepresentations.com\/es\/wp-json\/wp\/v2\/comments?post=5048"}],"wp:featuredmedia":[{"embeddable":true,"href":"https:\/\/hcrepresentations.com\/es\/wp-json\/wp\/v2\/media\/5049"}],"wp:attachment":[{"href":"https:\/\/hcrepresentations.com\/es\/wp-json\/wp\/v2\/media?parent=5048"}],"wp:term":[{"taxonomy":"product_brand","embeddable":true,"href":"https:\/\/hcrepresentations.com\/es\/wp-json\/wp\/v2\/product_brand?post=5048"},{"taxonomy":"product_cat","embeddable":true,"href":"https:\/\/hcrepresentations.com\/es\/wp-json\/wp\/v2\/product_cat?post=5048"},{"taxonomy":"product_tag","embeddable":true,"href":"https:\/\/hcrepresentations.com\/es\/wp-json\/wp\/v2\/product_tag?post=5048"}],"curies":[{"name":"wp","href":"https:\/\/api.w.org\/{rel}","templated":true}]}}