{"id":5105,"date":"2025-12-09T16:52:05","date_gmt":"2025-12-09T19:52:05","guid":{"rendered":"https:\/\/hcrepresentations.com\/?post_type=product&#038;p=5105"},"modified":"2025-12-09T16:52:52","modified_gmt":"2025-12-09T19:52:52","slug":"kit-cat-eye-collection","status":"publish","type":"product","link":"https:\/\/hcrepresentations.com\/es\/producto\/kit-cat-eye-collection\/","title":{"rendered":"Colecci\u00f3n Kit Cat Eye"},"content":{"rendered":"","protected":false},"excerpt":{"rendered":"<div style=\"direction: ltr; border-width: 100%;\">\n<div style=\"direction: ltr; margin-top: 0in; margin-left: 0in; width: 3.7555in;\">\n<div style=\"direction: ltr; margin-top: 0in; margin-left: 0in; width: 3.7555in;\">\n<p style=\"margin: 0in; font-family: Calibri; font-size: 11.0pt;\">Cat Eye Bluwe es un esmalte en gel (9 ml) con efecto magn\u00e9tico que viene en un kit con 6 colores exclusivos: Angor\u00e1, Bengal, Burmilla, Persa, Siam\u00e9s y Somal\u00ed. Con efecto siliconado y la viscosidad ideal, cada esmalte tiene diferentes tama\u00f1os e intensidades de part\u00edculas brillantes, que se mueven al entrar en contacto con el im\u00e1n.<\/p>\n<p style=\"margin: 0in; font-family: Calibri; font-size: 11.0pt;\">Cor: Angora (beige), Bengala (marr\u00f3n), Burmilla<\/p>\n<p style=\"margin: 0in; font-family: Calibri; font-size: 11.0pt;\">(prata), persa (dorado), siam\u00e9s (rosa) y somal\u00ed.<\/p>\n<p style=\"margin: 0in; font-family: Calibri; font-size: 11.0pt;\">(rojo).<\/p>\n<p style=\"margin: 0in; font-family: Calibri; font-size: 11.0pt;\">Aplique el producto sobre el estiramiento y\/o la<\/p>\n<p style=\"margin: 0in; font-family: Calibri; font-size: 11.0pt;\">blindaje y, con la ayuda de un im\u00e1n, produzca el<\/p>\n<p style=\"margin: 0in; font-family: Calibri; font-size: 11.0pt;\">efecto deseado antes de catalizar bajo luz UV de 60<\/p>\n<p style=\"margin: 0in; font-family: Calibri; font-size: 11.0pt;\">120 segundos. Finalice el procedimiento con un<\/p>\n<p style=\"margin: 0in; font-family: Calibri; font-size: 11.0pt;\">Top Coat de su elecci\u00f3n.<\/p>\n<\/div>\n<\/div>\n<\/div>","protected":false},"featured_media":5114,"comment_status":"open","ping_status":"closed","template":"","meta":[],"product_brand":[],"product_cat":[98],"product_tag":[],"class_list":{"0":"post-5105","1":"product","2":"type-product","3":"status-publish","4":"has-post-thumbnail","6":"product_cat-bluwe","8":"first","9":"instock","10":"sale","11":"taxable","12":"shipping-taxable","13":"purchasable","14":"product-type-simple"},"_links":{"self":[{"href":"https:\/\/hcrepresentations.com\/es\/wp-json\/wp\/v2\/product\/5105","targetHints":{"allow":["GET"]}}],"collection":[{"href":"https:\/\/hcrepresentations.com\/es\/wp-json\/wp\/v2\/product"}],"about":[{"href":"https:\/\/hcrepresentations.com\/es\/wp-json\/wp\/v2\/types\/product"}],"replies":[{"embeddable":true,"href":"https:\/\/hcrepresentations.com\/es\/wp-json\/wp\/v2\/comments?post=5105"}],"wp:featuredmedia":[{"embeddable":true,"href":"https:\/\/hcrepresentations.com\/es\/wp-json\/wp\/v2\/media\/5114"}],"wp:attachment":[{"href":"https:\/\/hcrepresentations.com\/es\/wp-json\/wp\/v2\/media?parent=5105"}],"wp:term":[{"taxonomy":"product_brand","embeddable":true,"href":"https:\/\/hcrepresentations.com\/es\/wp-json\/wp\/v2\/product_brand?post=5105"},{"taxonomy":"product_cat","embeddable":true,"href":"https:\/\/hcrepresentations.com\/es\/wp-json\/wp\/v2\/product_cat?post=5105"},{"taxonomy":"product_tag","embeddable":true,"href":"https:\/\/hcrepresentations.com\/es\/wp-json\/wp\/v2\/product_tag?post=5105"}],"curies":[{"name":"wp","href":"https:\/\/api.w.org\/{rel}","templated":true}]}}