{"id":5178,"date":"2026-01-09T12:30:17","date_gmt":"2026-01-09T15:30:17","guid":{"rendered":"https:\/\/hcrepresentations.com\/?post_type=product&#038;p=5178"},"modified":"2026-01-09T12:30:17","modified_gmt":"2026-01-09T15:30:17","slug":"prep-65ml-uze-nails","status":"publish","type":"product","link":"https:\/\/hcrepresentations.com\/es\/producto\/prep-65ml-uze-nails\/","title":{"rendered":"Preparaci\u00f3n 65 ml Uze Nails"},"content":{"rendered":"","protected":false},"excerpt":{"rendered":"<p>Preparador Higienizador Uze Nails 65 ml<\/p>\n<p>Pensado para profesionales exigentes, cada producto Uze Nails se desarrolla con un alto est\u00e1ndar de calidad, priorizando la adherencia, el rendimiento, la seguridad y el cuidado de la salud natural de las u\u00f1as.<\/p>\n<p>Funci\u00f3n:<\/p>\n<p>Formulado para la preparaci\u00f3n e higienizaci\u00f3n de las manos y la l\u00e1mina ungueal, el Prep Higienizador Uze Nails promueve una limpieza eficaz sin agredir ni resecar la piel, respeta el pH natural de las u\u00f1as y ayuda a eliminar la grasa, lo que garantiza una mayor adherencia de los productos.<\/p>\n<p>Benef\u00edcios:<\/p>\n<p>Soluci\u00f3n preparadora<br \/>\nSoluci\u00f3n higienizante<br \/>\nEdad contra oleosidad<br \/>\nRespeta el pH de las u\u00f1as y la piel.<br \/>\nNo reseca la piel.<br \/>\nAroma suave: notas de bergamota, lirio, jazm\u00edn y melocot\u00f3n.<br \/>\nModo de uso:<\/p>\n<p>Aplique el Higienizador Uze Nails sobre las u\u00f1as naturales y, con la ayuda de un algod\u00f3n prensado, una gasa o el producto que prefiera, frote suavemente cada l\u00e1mina para eliminar la grasa y desinfectar la superficie. Espere a que el producto se evapore por completo antes de comenzar con el siguiente paso.<\/p>\n<p>Diferenciales Uze:<\/p>\n<p>Sin hema<br \/>\nSin TPO<\/p>","protected":false},"featured_media":5180,"comment_status":"open","ping_status":"closed","template":"","meta":[],"product_brand":[],"product_cat":[137],"product_tag":[],"class_list":{"0":"post-5178","1":"product","2":"type-product","3":"status-publish","4":"has-post-thumbnail","6":"product_cat-uze","8":"first","9":"instock","10":"taxable","11":"shipping-taxable","12":"purchasable","13":"product-type-simple"},"_links":{"self":[{"href":"https:\/\/hcrepresentations.com\/es\/wp-json\/wp\/v2\/product\/5178","targetHints":{"allow":["GET"]}}],"collection":[{"href":"https:\/\/hcrepresentations.com\/es\/wp-json\/wp\/v2\/product"}],"about":[{"href":"https:\/\/hcrepresentations.com\/es\/wp-json\/wp\/v2\/types\/product"}],"replies":[{"embeddable":true,"href":"https:\/\/hcrepresentations.com\/es\/wp-json\/wp\/v2\/comments?post=5178"}],"wp:featuredmedia":[{"embeddable":true,"href":"https:\/\/hcrepresentations.com\/es\/wp-json\/wp\/v2\/media\/5180"}],"wp:attachment":[{"href":"https:\/\/hcrepresentations.com\/es\/wp-json\/wp\/v2\/media?parent=5178"}],"wp:term":[{"taxonomy":"product_brand","embeddable":true,"href":"https:\/\/hcrepresentations.com\/es\/wp-json\/wp\/v2\/product_brand?post=5178"},{"taxonomy":"product_cat","embeddable":true,"href":"https:\/\/hcrepresentations.com\/es\/wp-json\/wp\/v2\/product_cat?post=5178"},{"taxonomy":"product_tag","embeddable":true,"href":"https:\/\/hcrepresentations.com\/es\/wp-json\/wp\/v2\/product_tag?post=5178"}],"curies":[{"name":"wp","href":"https:\/\/api.w.org\/{rel}","templated":true}]}}