{"id":5207,"date":"2026-01-27T13:12:08","date_gmt":"2026-01-27T16:12:08","guid":{"rendered":"https:\/\/hcrepresentations.com\/?post_type=product&#038;p=5207"},"modified":"2026-01-27T13:15:13","modified_gmt":"2026-01-27T16:15:13","slug":"broca-anylovy-conica-topo-arredondado-de-tungstenio-vermelha","status":"publish","type":"product","link":"https:\/\/hcrepresentations.com\/es\/producto\/broca-anylovy-conica-topo-arredondado-de-tungstenio-vermelha\/","title":{"rendered":"BROCA ANYLOVY C\u00d4NICA TOPO REDONDEADA DE TUNGSTENIO ROJA"},"content":{"rendered":"","protected":false},"excerpt":{"rendered":"<p>Abrasividad media\/suave, ideal para nivelar la superficie de la u\u00f1a y retocar las \u00e1reas de transici\u00f3n.<\/p>\n<p>Momento ideal de uso:<\/p>\n<p>Durante la nivelaci\u00f3n y el acabado de la estructura.<\/p>","protected":false},"featured_media":5208,"comment_status":"open","ping_status":"closed","template":"","meta":[],"product_brand":[],"product_cat":[138,115],"product_tag":[],"class_list":{"0":"post-5207","1":"product","2":"type-product","3":"status-publish","4":"has-post-thumbnail","6":"product_cat-anylovy","7":"product_cat-drills","9":"first","10":"instock","11":"taxable","12":"shipping-taxable","13":"purchasable","14":"product-type-simple"},"_links":{"self":[{"href":"https:\/\/hcrepresentations.com\/es\/wp-json\/wp\/v2\/product\/5207","targetHints":{"allow":["GET"]}}],"collection":[{"href":"https:\/\/hcrepresentations.com\/es\/wp-json\/wp\/v2\/product"}],"about":[{"href":"https:\/\/hcrepresentations.com\/es\/wp-json\/wp\/v2\/types\/product"}],"replies":[{"embeddable":true,"href":"https:\/\/hcrepresentations.com\/es\/wp-json\/wp\/v2\/comments?post=5207"}],"wp:featuredmedia":[{"embeddable":true,"href":"https:\/\/hcrepresentations.com\/es\/wp-json\/wp\/v2\/media\/5208"}],"wp:attachment":[{"href":"https:\/\/hcrepresentations.com\/es\/wp-json\/wp\/v2\/media?parent=5207"}],"wp:term":[{"taxonomy":"product_brand","embeddable":true,"href":"https:\/\/hcrepresentations.com\/es\/wp-json\/wp\/v2\/product_brand?post=5207"},{"taxonomy":"product_cat","embeddable":true,"href":"https:\/\/hcrepresentations.com\/es\/wp-json\/wp\/v2\/product_cat?post=5207"},{"taxonomy":"product_tag","embeddable":true,"href":"https:\/\/hcrepresentations.com\/es\/wp-json\/wp\/v2\/product_tag?post=5207"}],"curies":[{"name":"wp","href":"https:\/\/api.w.org\/{rel}","templated":true}]}}