{"id":5254,"date":"2026-02-16T00:14:26","date_gmt":"2026-02-16T03:14:26","guid":{"rendered":"https:\/\/hcrepresentations.com\/?post_type=product&#038;p=5254"},"modified":"2026-02-16T00:32:31","modified_gmt":"2026-02-16T03:32:31","slug":"base-em-gel-blindada-para-unhas-band-aid-linha-light-15ml-real-love","status":"publish","type":"product","link":"https:\/\/hcrepresentations.com\/es\/producto\/base-em-gel-blindada-para-unhas-band-aid-linha-light-15ml-real-love\/","title":{"rendered":"Base en gel blindada para u\u00f1as Band-Aid L\u00ednea Light 15 ml \u2013 Real Love"},"content":{"rendered":"","protected":false},"excerpt":{"rendered":"<p>La Base en Gel Blindada Band-Aid L\u00ednea Light de Real Love es un producto para la preparaci\u00f3n de las u\u00f1as, desarrollado para ser la primera capa que se aplica antes del alargamiento con gel o del esmaltado con gel, creando una capa protectora y \u00abcurando\u00bb peque\u00f1as imperfecciones en las u\u00f1as y proporcionando resistencia al alargamiento.<br \/>\nFunciones y beneficios principales:<\/p>\n<p>Promueve la adherencia: su funci\u00f3n principal es actuar como un \u00abadhesivo\u00bb para las extensiones o el esmalte en gel. Crea una superficie adherente que garantiza una mayor fijaci\u00f3n, evitando que las extensiones se desprendan o que el esmalte se descascarille prematuramente.<br \/>\nUniformiza la superficie: ayuda a nivelar la superficie de la u\u00f1a, rellenando peque\u00f1as fisuras y creando una base lisa para la aplicaci\u00f3n de los siguientes productos, lo que da como resultado un acabado m\u00e1s profesional.<br \/>\nVersatilidad: Se puede utilizar tanto para alargar u\u00f1as de gel, fibra de vidrio o porcelana, como para blindar las u\u00f1as naturales o pegar u\u00f1as postizas (tips).<br \/>\nCurado en cabina: Al igual que otros productos en gel, esta base necesita curarse en una cabina UV\/LED para endurecerse y funcionar correctamente.<\/p>\n<p>Cont\u00e9m:<br \/>\n 1 \u2013 Base en gel blindada 15 ml<\/p>","protected":false},"featured_media":5270,"comment_status":"closed","ping_status":"closed","template":"","meta":[],"product_brand":[],"product_cat":[144],"product_tag":[],"class_list":{"0":"post-5254","1":"product","2":"type-product","3":"status-publish","4":"has-post-thumbnail","6":"product_cat-real-love","8":"first","9":"instock","10":"taxable","11":"shipping-taxable","12":"purchasable","13":"product-type-simple"},"_links":{"self":[{"href":"https:\/\/hcrepresentations.com\/es\/wp-json\/wp\/v2\/product\/5254","targetHints":{"allow":["GET"]}}],"collection":[{"href":"https:\/\/hcrepresentations.com\/es\/wp-json\/wp\/v2\/product"}],"about":[{"href":"https:\/\/hcrepresentations.com\/es\/wp-json\/wp\/v2\/types\/product"}],"replies":[{"embeddable":true,"href":"https:\/\/hcrepresentations.com\/es\/wp-json\/wp\/v2\/comments?post=5254"}],"wp:featuredmedia":[{"embeddable":true,"href":"https:\/\/hcrepresentations.com\/es\/wp-json\/wp\/v2\/media\/5270"}],"wp:attachment":[{"href":"https:\/\/hcrepresentations.com\/es\/wp-json\/wp\/v2\/media?parent=5254"}],"wp:term":[{"taxonomy":"product_brand","embeddable":true,"href":"https:\/\/hcrepresentations.com\/es\/wp-json\/wp\/v2\/product_brand?post=5254"},{"taxonomy":"product_cat","embeddable":true,"href":"https:\/\/hcrepresentations.com\/es\/wp-json\/wp\/v2\/product_cat?post=5254"},{"taxonomy":"product_tag","embeddable":true,"href":"https:\/\/hcrepresentations.com\/es\/wp-json\/wp\/v2\/product_tag?post=5254"}],"curies":[{"name":"wp","href":"https:\/\/api.w.org\/{rel}","templated":true}]}}