{"id":5267,"date":"2026-02-16T00:14:27","date_gmt":"2026-02-16T03:14:27","guid":{"rendered":"https:\/\/hcrepresentations.com\/?post_type=product&#038;p=5267"},"modified":"2026-02-16T00:32:49","modified_gmt":"2026-02-16T03:32:49","slug":"rubber-base-realista-10g-anylovy","status":"publish","type":"product","link":"https:\/\/hcrepresentations.com\/es\/producto\/rubber-base-realista-10g-anylovy\/","title":{"rendered":"BASE DE GOMA REALISTA 10 g ANYLOVY"},"content":{"rendered":"","protected":false},"excerpt":{"rendered":"<p>La nueva base de caucho ANYLOVY llega en 6 colores pensados para uso profesional, aportando autonivelaci\u00f3n, flexibilidad y alta resistencia.<\/p>\n<p>Ideal para blindar, nivelar y estructurar la u\u00f1a natural.<\/p>\n<p>\u00bfSEM TPO y SEM DMPT? M\u00e1s seguridad para la profesional, m\u00e1s comodidad para la clienta y tranquilidad incluso para las u\u00f1as sensibles.<\/p>\n<p>La base de caucho Realista 10 g ANYLOVY tiene una f\u00f3rmula flexible e inteligente que acompa\u00f1a el movimiento natural de la u\u00f1a, funcionando como un verdadero amortiguador de impactos.<\/p>\n<p>Esto reduce significativamente el riesgo de grietas, roturas y desprendimientos, incluso en u\u00f1as finas, fr\u00e1giles o con antecedentes de baja adherencia.<\/p>\n<p>Producto 2 en 1: fijaci\u00f3n + acabado natural<\/p>\n<p>Act\u00faa como base de adherencia superior, creando un fuerte v\u00ednculo entre la u\u00f1a natural y el gel, y al mismo tiempo proporciona un acabado realista y elegante, pudiendo utilizarse solo cuando se busca un resultado ligero, limpio y actual.<\/p>\n<p>Su consistencia m\u00e1s espesa y autonivelante se extiende con control, facilitando un acabado liso, uniforme y profesional, incluso para quienes a\u00fan no dominan totalmente el producto.<\/p>","protected":false},"featured_media":5302,"comment_status":"closed","ping_status":"closed","template":"","meta":[],"product_brand":[],"product_cat":[138],"product_tag":[],"class_list":{"0":"post-5267","1":"product","2":"type-product","3":"status-publish","4":"has-post-thumbnail","6":"product_cat-anylovy","8":"first","9":"instock","10":"taxable","11":"shipping-taxable","12":"purchasable","13":"product-type-simple"},"_links":{"self":[{"href":"https:\/\/hcrepresentations.com\/es\/wp-json\/wp\/v2\/product\/5267","targetHints":{"allow":["GET"]}}],"collection":[{"href":"https:\/\/hcrepresentations.com\/es\/wp-json\/wp\/v2\/product"}],"about":[{"href":"https:\/\/hcrepresentations.com\/es\/wp-json\/wp\/v2\/types\/product"}],"replies":[{"embeddable":true,"href":"https:\/\/hcrepresentations.com\/es\/wp-json\/wp\/v2\/comments?post=5267"}],"wp:featuredmedia":[{"embeddable":true,"href":"https:\/\/hcrepresentations.com\/es\/wp-json\/wp\/v2\/media\/5302"}],"wp:attachment":[{"href":"https:\/\/hcrepresentations.com\/es\/wp-json\/wp\/v2\/media?parent=5267"}],"wp:term":[{"taxonomy":"product_brand","embeddable":true,"href":"https:\/\/hcrepresentations.com\/es\/wp-json\/wp\/v2\/product_brand?post=5267"},{"taxonomy":"product_cat","embeddable":true,"href":"https:\/\/hcrepresentations.com\/es\/wp-json\/wp\/v2\/product_cat?post=5267"},{"taxonomy":"product_tag","embeddable":true,"href":"https:\/\/hcrepresentations.com\/es\/wp-json\/wp\/v2\/product_tag?post=5267"}],"curies":[{"name":"wp","href":"https:\/\/api.w.org\/{rel}","templated":true}]}}