{"id":5314,"date":"2026-02-18T14:07:34","date_gmt":"2026-02-18T17:07:34","guid":{"rendered":"https:\/\/hcrepresentations.com\/?post_type=product&#038;p=5314"},"modified":"2026-02-18T14:13:37","modified_gmt":"2026-02-18T17:13:37","slug":"finalizador-top-coat-cuccio-passo-5-13ml","status":"publish","type":"product","link":"https:\/\/hcrepresentations.com\/es\/producto\/finalizador-top-coat-cuccio-passo-5-13ml\/","title":{"rendered":"FINALIZADOR TOP COAT CUCCIO PASO 5 13 ml"},"content":{"rendered":"","protected":false},"excerpt":{"rendered":"<p>Top Coat Paso 5 Cuccio Barniz: Brillo intenso y protecci\u00f3n duradera<br \/>\nEl Top Coat Passo 5 Cuccio Veneer es el acabado ideal para quienes buscan brillo intenso, resistencia y durabilidad en el esmalte en gel. Desarrollado con f\u00f3rmula Soak-Off, crea una capa protectora autonivelante que prolonga la belleza del esmalte, garantizando un acabado impecable durante mucho m\u00e1s tiempo.<\/p>\n<p>Su textura l\u00edquida y autonivelante facilita la aplicaci\u00f3n, proporcionando un efecto espejo y resistente al desgaste. Para obtener el m\u00e1ximo brillo, se recomienda esperar unos segundos despu\u00e9s del curado antes de eliminar la capa inhibidora con la toallita de acabado Cuccio.<\/p>\n<p>Beneficios y ventajas<br \/>\nBrillo intenso y duradero: mantiene el esmalte impecable durante semanas.<br \/>\nF\u00f3rmula Soak-Off: finalizador en gel removible sin da\u00f1ar la u\u00f1a natural.<br \/>\nTotalmente compatible: indicado para el acabado de esmaltes en gel Cuccio Veneer y tambi\u00e9n compatible con geles Fibergel, Classic, Acrygel, Calcium y Shimmerize.<br \/>\nAutonivelante: aplicaci\u00f3n uniforme sin rayones ni fallas.<br \/>\nViscosidad l\u00edquida: consistencia perfecta para facilitar su manejo.<br \/>\nSecado r\u00e1pido: seca en 30 segundos en la cabina LED y en 2 minutos en la cabina UV.<br \/>\nIndicaci\u00f3n de uso<br \/>\nAcabado con esmalte en gel Cuccio Veneer para garantizar un brillo intenso y una durabilidad prolongada.<br \/>\nProtecci\u00f3n y acabado para geles estructurales Cuccio, como Fibergel, Classic, Acrygel, Calcium y Shimmerize.<br \/>\nIdeal para profesionales que buscan un top coat de alto rendimiento y acabado impecable.<br \/>\nDisponible en tama\u00f1os profesionales<br \/>\n13 ml \u2013 Rendimiento aproximado de 864 aplicaciones.<br \/>\n75 ml \u2013 Rendimiento aproximado de 4984 aplicaciones.<br \/>\nTecnolog\u00eda y longitud de onda<br \/>\nCompatible con cabinas LED y UV.<br \/>\nLongitud de onda: 275 a 379 nm.<br \/>\nEl Top Coat Passo 5 Cuccio Veneer es la elecci\u00f3n perfecta para quienes desean un acabado brillante, resistente y profesional, que garantiza unas u\u00f1as impecables y duraderas.<\/p>","protected":false},"featured_media":5323,"comment_status":"closed","ping_status":"closed","template":"","meta":[],"product_brand":[],"product_cat":[145],"product_tag":[],"class_list":{"0":"post-5314","1":"product","2":"type-product","3":"status-publish","4":"has-post-thumbnail","6":"product_cat-cuccio","8":"first","9":"instock","10":"taxable","11":"shipping-taxable","12":"purchasable","13":"product-type-simple"},"_links":{"self":[{"href":"https:\/\/hcrepresentations.com\/es\/wp-json\/wp\/v2\/product\/5314","targetHints":{"allow":["GET"]}}],"collection":[{"href":"https:\/\/hcrepresentations.com\/es\/wp-json\/wp\/v2\/product"}],"about":[{"href":"https:\/\/hcrepresentations.com\/es\/wp-json\/wp\/v2\/types\/product"}],"replies":[{"embeddable":true,"href":"https:\/\/hcrepresentations.com\/es\/wp-json\/wp\/v2\/comments?post=5314"}],"wp:featuredmedia":[{"embeddable":true,"href":"https:\/\/hcrepresentations.com\/es\/wp-json\/wp\/v2\/media\/5323"}],"wp:attachment":[{"href":"https:\/\/hcrepresentations.com\/es\/wp-json\/wp\/v2\/media?parent=5314"}],"wp:term":[{"taxonomy":"product_brand","embeddable":true,"href":"https:\/\/hcrepresentations.com\/es\/wp-json\/wp\/v2\/product_brand?post=5314"},{"taxonomy":"product_cat","embeddable":true,"href":"https:\/\/hcrepresentations.com\/es\/wp-json\/wp\/v2\/product_cat?post=5314"},{"taxonomy":"product_tag","embeddable":true,"href":"https:\/\/hcrepresentations.com\/es\/wp-json\/wp\/v2\/product_tag?post=5314"}],"curies":[{"name":"wp","href":"https:\/\/api.w.org\/{rel}","templated":true}]}}