{"id":5335,"date":"2026-02-24T14:09:13","date_gmt":"2026-02-24T17:09:13","guid":{"rendered":"https:\/\/hcrepresentations.com\/?post_type=product&#038;p=5335"},"modified":"2026-04-20T12:14:09","modified_gmt":"2026-04-20T15:14:09","slug":"pos-cromados-pirimpimpim-ii-edicao-especial","status":"publish","type":"product","link":"https:\/\/hcrepresentations.com\/es\/producto\/pos-cromados-pirimpimpim-ii-edicao-especial\/","title":{"rendered":"P\u00f3s Cromados Pirimpimpim II \u2013 Edici\u00f3n Especial"},"content":{"rendered":"","protected":false},"excerpt":{"rendered":"<p>El Kit de Polvos Cromados Pirimpimpim II est\u00e1 compuesto por 4 opciones de colores:<\/p>\n<p>Esperanza (efecto blanco)<br \/>\nUhul (efecto plata)<br \/>\nDeseo (efecto dorado)<br \/>\nYuppi (efecto furta-cor).<br \/>\nEn un solo kit, el cliente recibe cuatro productos con efecto reflectante multicolor, cada uno con un tono diferente, dise\u00f1ados para hacerte brillar. Su gran versatilidad permite aplicarlos solos o en cualquier dise\u00f1o de u\u00f1as, con la garant\u00eda de igualar la u\u00f1a natural con mucho brillo y colores diversos.<\/p>\n<p>\u00bfCu\u00e1ndo utilizar los polvos cromados Pirimpimpim II?<\/p>\n<p>Los polvos cromados del kit Pirimpimpim II se pueden utilizar en una de las etapas finales del procedimiento para garantizar brillo y un efecto espejo. Es muy vers\u00e1til, ya que se puede utilizar tanto solo como en detalles de nail art.<\/p>\n<p>Diferencias:<\/p>\n<p>Ultrafino;<br \/>\nBrilhante;<br \/>\nEfecto espejo;<br \/>\nQueda nivelado cuando se aplica;<br \/>\nVers\u00e1til;<br \/>\nPerfecto para decoraciones de u\u00f1as.<br \/>\nCOR: Uhul, Hope, Wish y Yuppi.<\/p>","protected":false},"featured_media":5336,"comment_status":"closed","ping_status":"closed","template":"","meta":[],"product_brand":[],"product_cat":[98],"product_tag":[],"class_list":{"0":"post-5335","1":"product","2":"type-product","3":"status-publish","4":"has-post-thumbnail","6":"product_cat-bluwe","8":"first","9":"instock","10":"taxable","11":"shipping-taxable","12":"purchasable","13":"product-type-simple"},"_links":{"self":[{"href":"https:\/\/hcrepresentations.com\/es\/wp-json\/wp\/v2\/product\/5335","targetHints":{"allow":["GET"]}}],"collection":[{"href":"https:\/\/hcrepresentations.com\/es\/wp-json\/wp\/v2\/product"}],"about":[{"href":"https:\/\/hcrepresentations.com\/es\/wp-json\/wp\/v2\/types\/product"}],"replies":[{"embeddable":true,"href":"https:\/\/hcrepresentations.com\/es\/wp-json\/wp\/v2\/comments?post=5335"}],"wp:featuredmedia":[{"embeddable":true,"href":"https:\/\/hcrepresentations.com\/es\/wp-json\/wp\/v2\/media\/5336"}],"wp:attachment":[{"href":"https:\/\/hcrepresentations.com\/es\/wp-json\/wp\/v2\/media?parent=5335"}],"wp:term":[{"taxonomy":"product_brand","embeddable":true,"href":"https:\/\/hcrepresentations.com\/es\/wp-json\/wp\/v2\/product_brand?post=5335"},{"taxonomy":"product_cat","embeddable":true,"href":"https:\/\/hcrepresentations.com\/es\/wp-json\/wp\/v2\/product_cat?post=5335"},{"taxonomy":"product_tag","embeddable":true,"href":"https:\/\/hcrepresentations.com\/es\/wp-json\/wp\/v2\/product_tag?post=5335"}],"curies":[{"name":"wp","href":"https:\/\/api.w.org\/{rel}","templated":true}]}}