{"id":5373,"date":"2026-03-10T18:13:13","date_gmt":"2026-03-10T21:13:13","guid":{"rendered":"https:\/\/hcrepresentations.com\/?post_type=product&#038;p=5373"},"modified":"2026-03-10T18:29:16","modified_gmt":"2026-03-10T21:29:16","slug":"natural-34g-gel-ecoline-strong-gel","status":"publish","type":"product","link":"https:\/\/hcrepresentations.com\/es\/producto\/natural-34g-gel-ecoline-strong-gel\/","title":{"rendered":"Gel natural Ecoline Strong Gel de 34 g"},"content":{"rendered":"","protected":false},"excerpt":{"rendered":"<p>FUERTE<\/p>\n<p>El revolucionario gel para la construcci\u00f3n de u\u00f1as. Es est\u00e1tico, cremoso, con una densidad y textura \u00fanicas, y lo mejor... \u00a1No quema al catalizar!<\/p>\n<p>Este gel es est\u00e1tico en el frasco, pero cremoso en el pincel, se nivela autom\u00e1ticamente mientras se trabaja, pero queda completamente inm\u00f3vil en la u\u00f1a. Basta con un simple toque para llevarlo donde quieras.<\/p>\n<p>Podr\u00e1 moldearlo con facilidad y precisi\u00f3n, sin preocuparse por las burbujas, logrando hacer hasta 4 u\u00f1as a la vez antes de entrar en la cabina UV, ya que no se corre. Es un gel extremadamente vers\u00e1til, compatible con todos los sistemas de alargamiento, sea cual sea su preferido. Se elimina mediante limado.<\/p>","protected":false},"featured_media":5374,"comment_status":"open","ping_status":"closed","template":"","meta":[],"product_brand":[],"product_cat":[132],"product_tag":[],"class_list":{"0":"post-5373","1":"product","2":"type-product","3":"status-publish","4":"has-post-thumbnail","6":"product_cat-nails-21","8":"first","9":"instock","10":"taxable","11":"shipping-taxable","12":"purchasable","13":"product-type-simple"},"_links":{"self":[{"href":"https:\/\/hcrepresentations.com\/es\/wp-json\/wp\/v2\/product\/5373","targetHints":{"allow":["GET"]}}],"collection":[{"href":"https:\/\/hcrepresentations.com\/es\/wp-json\/wp\/v2\/product"}],"about":[{"href":"https:\/\/hcrepresentations.com\/es\/wp-json\/wp\/v2\/types\/product"}],"replies":[{"embeddable":true,"href":"https:\/\/hcrepresentations.com\/es\/wp-json\/wp\/v2\/comments?post=5373"}],"wp:featuredmedia":[{"embeddable":true,"href":"https:\/\/hcrepresentations.com\/es\/wp-json\/wp\/v2\/media\/5374"}],"wp:attachment":[{"href":"https:\/\/hcrepresentations.com\/es\/wp-json\/wp\/v2\/media?parent=5373"}],"wp:term":[{"taxonomy":"product_brand","embeddable":true,"href":"https:\/\/hcrepresentations.com\/es\/wp-json\/wp\/v2\/product_brand?post=5373"},{"taxonomy":"product_cat","embeddable":true,"href":"https:\/\/hcrepresentations.com\/es\/wp-json\/wp\/v2\/product_cat?post=5373"},{"taxonomy":"product_tag","embeddable":true,"href":"https:\/\/hcrepresentations.com\/es\/wp-json\/wp\/v2\/product_tag?post=5373"}],"curies":[{"name":"wp","href":"https:\/\/api.w.org\/{rel}","templated":true}]}}