{"id":5391,"date":"2026-03-10T18:25:56","date_gmt":"2026-03-10T21:25:56","guid":{"rendered":"https:\/\/hcrepresentations.com\/?post_type=product&#038;p=5391"},"modified":"2026-03-10T18:25:56","modified_gmt":"2026-03-10T21:25:56","slug":"maskara-28g-onefix-capa-base","status":"publish","type":"product","link":"https:\/\/hcrepresentations.com\/es\/producto\/maskara-28g-onefix-capa-base\/","title":{"rendered":"M\u00e1scara 28 g ONEFIX CAPA BASE"},"content":{"rendered":"","protected":false},"excerpt":{"rendered":"<p>BASE DE LA CUBIERTA ONEFIX<\/p>\n<p>Base en gel de alta adherencia para todas las l\u00edneas de construcci\u00f3n o esmaltado en gel. Presenta una gran flexibilidad. Ideal para u\u00f1as finas, flexibles, secas y quebradizas.<\/p>\n<p>Con una apertura pensada para la conservaci\u00f3n del producto, la tapa en forma de coraz\u00f3n es la nueva caracter\u00edstica destacada para proteger la base de los rayos UV.<\/p>\n<p>Producto indispensable para el escritorio de las profesionales, aceptado por todas las clientas y con una durabilidad sin igual. Cabe recordar que tambi\u00e9n se puede utilizar para blindar o alargar toda la u\u00f1a. El producto se ha basado en una tecnolog\u00eda utilizada en la construcci\u00f3n civil.<\/p>\n<p>Tiempo total de catalizaci\u00f3n: 2 minutos en cabina UVA LED.<\/p>\n<p>Eliminado mediante lijado.<\/p>","protected":false},"featured_media":5392,"comment_status":"open","ping_status":"closed","template":"","meta":[],"product_brand":[],"product_cat":[132],"product_tag":[],"class_list":{"0":"post-5391","1":"product","2":"type-product","3":"status-publish","4":"has-post-thumbnail","6":"product_cat-nails-21","8":"first","9":"instock","10":"taxable","11":"shipping-taxable","12":"purchasable","13":"product-type-simple"},"_links":{"self":[{"href":"https:\/\/hcrepresentations.com\/es\/wp-json\/wp\/v2\/product\/5391","targetHints":{"allow":["GET"]}}],"collection":[{"href":"https:\/\/hcrepresentations.com\/es\/wp-json\/wp\/v2\/product"}],"about":[{"href":"https:\/\/hcrepresentations.com\/es\/wp-json\/wp\/v2\/types\/product"}],"replies":[{"embeddable":true,"href":"https:\/\/hcrepresentations.com\/es\/wp-json\/wp\/v2\/comments?post=5391"}],"wp:featuredmedia":[{"embeddable":true,"href":"https:\/\/hcrepresentations.com\/es\/wp-json\/wp\/v2\/media\/5392"}],"wp:attachment":[{"href":"https:\/\/hcrepresentations.com\/es\/wp-json\/wp\/v2\/media?parent=5391"}],"wp:term":[{"taxonomy":"product_brand","embeddable":true,"href":"https:\/\/hcrepresentations.com\/es\/wp-json\/wp\/v2\/product_brand?post=5391"},{"taxonomy":"product_cat","embeddable":true,"href":"https:\/\/hcrepresentations.com\/es\/wp-json\/wp\/v2\/product_cat?post=5391"},{"taxonomy":"product_tag","embeddable":true,"href":"https:\/\/hcrepresentations.com\/es\/wp-json\/wp\/v2\/product_tag?post=5391"}],"curies":[{"name":"wp","href":"https:\/\/api.w.org\/{rel}","templated":true}]}}