{"id":5430,"date":"2026-03-13T15:14:52","date_gmt":"2026-03-13T18:14:52","guid":{"rendered":"https:\/\/hcrepresentations.com\/?post_type=product&#038;p=5430"},"modified":"2026-03-13T15:14:52","modified_gmt":"2026-03-13T18:14:52","slug":"gel-gummy-cover-pink-30g","status":"publish","type":"product","link":"https:\/\/hcrepresentations.com\/es\/producto\/gel-gummy-cover-pink-30g\/","title":{"rendered":"Cubierta de gominola en gel, rosa, 30 g"},"content":{"rendered":"","protected":false},"excerpt":{"rendered":"<p>El Gel Gummy Bluwe Cover Pink de 30 g es un producto exclusivo, desarrollado para ofrecer el m\u00e1ximo control y rendimiento en la mesa. Su f\u00f3rmula con part\u00edculas s\u00f3lidas proporciona una viscosidad ideal y una consistencia firme, lo que facilita su aplicaci\u00f3n incluso para los profesionales principiantes. Autonivelante, no se escurre f\u00e1cilmente y es perfecto para t\u00e9cnicas con Molde F1, garantizando mayor precisi\u00f3n en la construcci\u00f3n. Cuenta adem\u00e1s con la Tecnolog\u00eda CurvaturaSmart, que preserva la memoria de curvatura de la u\u00f1a por mucho m\u00e1s tiempo, asegurando estructura y durabilidad. En el color Cover Pink, un tono rosa de opacidad media a alta, ofrece una cobertura elegante y un acabado sofisticado.<\/p>","protected":false},"featured_media":5433,"comment_status":"open","ping_status":"closed","template":"","meta":[],"product_brand":[],"product_cat":[98],"product_tag":[],"class_list":{"0":"post-5430","1":"product","2":"type-product","3":"status-publish","4":"has-post-thumbnail","6":"product_cat-bluwe","8":"first","9":"instock","10":"sale","11":"taxable","12":"shipping-taxable","13":"purchasable","14":"product-type-simple"},"_links":{"self":[{"href":"https:\/\/hcrepresentations.com\/es\/wp-json\/wp\/v2\/product\/5430","targetHints":{"allow":["GET"]}}],"collection":[{"href":"https:\/\/hcrepresentations.com\/es\/wp-json\/wp\/v2\/product"}],"about":[{"href":"https:\/\/hcrepresentations.com\/es\/wp-json\/wp\/v2\/types\/product"}],"replies":[{"embeddable":true,"href":"https:\/\/hcrepresentations.com\/es\/wp-json\/wp\/v2\/comments?post=5430"}],"wp:featuredmedia":[{"embeddable":true,"href":"https:\/\/hcrepresentations.com\/es\/wp-json\/wp\/v2\/media\/5433"}],"wp:attachment":[{"href":"https:\/\/hcrepresentations.com\/es\/wp-json\/wp\/v2\/media?parent=5430"}],"wp:term":[{"taxonomy":"product_brand","embeddable":true,"href":"https:\/\/hcrepresentations.com\/es\/wp-json\/wp\/v2\/product_brand?post=5430"},{"taxonomy":"product_cat","embeddable":true,"href":"https:\/\/hcrepresentations.com\/es\/wp-json\/wp\/v2\/product_cat?post=5430"},{"taxonomy":"product_tag","embeddable":true,"href":"https:\/\/hcrepresentations.com\/es\/wp-json\/wp\/v2\/product_tag?post=5430"}],"curies":[{"name":"wp","href":"https:\/\/api.w.org\/{rel}","templated":true}]}}