{"id":5515,"date":"2026-04-05T20:53:50","date_gmt":"2026-04-05T23:53:50","guid":{"rendered":"https:\/\/hcrepresentations.com\/?post_type=product&#038;p=5515"},"modified":"2026-04-05T21:04:57","modified_gmt":"2026-04-06T00:04:57","slug":"esmalte-tecno-brega-uze-nails","status":"publish","type":"product","link":"https:\/\/hcrepresentations.com\/es\/producto\/esmalte-tecno-brega-uze-nails\/","title":{"rendered":"Esmalte Tecno Brega Uze Nails"},"content":{"rendered":"","protected":false},"excerpt":{"rendered":"<p>Cuando la Amazon\u00eda se ti\u00f1e de color, cuenta historias.<\/p>\n<p>La colecci\u00f3n \u00abCores da Amaz\u00f4nia\u00bb es un encuentro de culturas, historias y saberes. Cada tonalidad encierra una identidad y representa la diversidad de un territorio vivo, ancestral y en constante movimiento.<\/p>\n<p>Adem\u00e1s del concepto, la colecci\u00f3n ofrece un rendimiento excepcional: esmaltes tradicionales de secado r\u00e1pido, cobertura uniforme y colores intensos, dise\u00f1ados para lograr un acabado impecable y duradero.<\/p>\n<p>Tecno Brega: Morado con efecto brillante, inspirado en la cultura urbana y musical del norte. Moderno, atrevido y expresivo, dise\u00f1ado para quienes buscan colores con personalidad.<\/p>","protected":false},"featured_media":5503,"comment_status":"open","ping_status":"closed","template":"","meta":[],"product_brand":[],"product_cat":[146,137],"product_tag":[],"class_list":{"0":"post-5515","1":"product","2":"type-product","3":"status-publish","4":"has-post-thumbnail","6":"product_cat-esmaltes-regulares","7":"product_cat-uze","9":"first","10":"instock","11":"sale","12":"taxable","13":"shipping-taxable","14":"purchasable","15":"product-type-simple"},"_links":{"self":[{"href":"https:\/\/hcrepresentations.com\/es\/wp-json\/wp\/v2\/product\/5515","targetHints":{"allow":["GET"]}}],"collection":[{"href":"https:\/\/hcrepresentations.com\/es\/wp-json\/wp\/v2\/product"}],"about":[{"href":"https:\/\/hcrepresentations.com\/es\/wp-json\/wp\/v2\/types\/product"}],"replies":[{"embeddable":true,"href":"https:\/\/hcrepresentations.com\/es\/wp-json\/wp\/v2\/comments?post=5515"}],"wp:featuredmedia":[{"embeddable":true,"href":"https:\/\/hcrepresentations.com\/es\/wp-json\/wp\/v2\/media\/5503"}],"wp:attachment":[{"href":"https:\/\/hcrepresentations.com\/es\/wp-json\/wp\/v2\/media?parent=5515"}],"wp:term":[{"taxonomy":"product_brand","embeddable":true,"href":"https:\/\/hcrepresentations.com\/es\/wp-json\/wp\/v2\/product_brand?post=5515"},{"taxonomy":"product_cat","embeddable":true,"href":"https:\/\/hcrepresentations.com\/es\/wp-json\/wp\/v2\/product_cat?post=5515"},{"taxonomy":"product_tag","embeddable":true,"href":"https:\/\/hcrepresentations.com\/es\/wp-json\/wp\/v2\/product_tag?post=5515"}],"curies":[{"name":"wp","href":"https:\/\/api.w.org\/{rel}","templated":true}]}}