{"id":5516,"date":"2026-04-05T20:54:58","date_gmt":"2026-04-05T23:54:58","guid":{"rendered":"https:\/\/hcrepresentations.com\/?post_type=product&#038;p=5516"},"modified":"2026-04-05T21:04:57","modified_gmt":"2026-04-06T00:04:57","slug":"esmalte-acai-uze-nails","status":"publish","type":"product","link":"https:\/\/hcrepresentations.com\/es\/producto\/esmalte-acai-uze-nails\/","title":{"rendered":"Esmalte de u\u00f1as A\u00e7a\u00ed de Uze Nails"},"content":{"rendered":"","protected":false},"excerpt":{"rendered":"<p>Esmalte de u\u00f1a de acai Uze Nails Colores de la Amazon\u00eda<\/p>\n<p>Cuando la Amazon\u00eda se ti\u00f1e de color, cuenta historias.<\/p>\n<p>La colecci\u00f3n \u00abCores da Amaz\u00f4nia\u00bb es un encuentro de culturas, historias y saberes. Cada tonalidad encierra una identidad y representa la diversidad de un territorio vivo, ancestral y en constante movimiento.<br \/>\nAdem\u00e1s del concepto, la colecci\u00f3n ofrece un rendimiento excepcional: esmaltes tradicionales de secado r\u00e1pido, cobertura uniforme y colores intensos, dise\u00f1ados para lograr un acabado impecable y duradero.<br \/>\nA\u00e7a\u00ed: Un morado intenso inspirado en la fruta emblem\u00e1tica de la regi\u00f3n. Un color vibrante y sofisticado que transmite la energ\u00eda, la identidad y la fuerza de la vida cotidiana en la Amazon\u00eda.<\/p>","protected":false},"featured_media":5491,"comment_status":"open","ping_status":"closed","template":"","meta":[],"product_brand":[],"product_cat":[146,137],"product_tag":[],"class_list":{"0":"post-5516","1":"product","2":"type-product","3":"status-publish","4":"has-post-thumbnail","6":"product_cat-esmaltes-regulares","7":"product_cat-uze","9":"first","10":"instock","11":"sale","12":"taxable","13":"shipping-taxable","14":"purchasable","15":"product-type-simple"},"_links":{"self":[{"href":"https:\/\/hcrepresentations.com\/es\/wp-json\/wp\/v2\/product\/5516","targetHints":{"allow":["GET"]}}],"collection":[{"href":"https:\/\/hcrepresentations.com\/es\/wp-json\/wp\/v2\/product"}],"about":[{"href":"https:\/\/hcrepresentations.com\/es\/wp-json\/wp\/v2\/types\/product"}],"replies":[{"embeddable":true,"href":"https:\/\/hcrepresentations.com\/es\/wp-json\/wp\/v2\/comments?post=5516"}],"wp:featuredmedia":[{"embeddable":true,"href":"https:\/\/hcrepresentations.com\/es\/wp-json\/wp\/v2\/media\/5491"}],"wp:attachment":[{"href":"https:\/\/hcrepresentations.com\/es\/wp-json\/wp\/v2\/media?parent=5516"}],"wp:term":[{"taxonomy":"product_brand","embeddable":true,"href":"https:\/\/hcrepresentations.com\/es\/wp-json\/wp\/v2\/product_brand?post=5516"},{"taxonomy":"product_cat","embeddable":true,"href":"https:\/\/hcrepresentations.com\/es\/wp-json\/wp\/v2\/product_cat?post=5516"},{"taxonomy":"product_tag","embeddable":true,"href":"https:\/\/hcrepresentations.com\/es\/wp-json\/wp\/v2\/product_tag?post=5516"}],"curies":[{"name":"wp","href":"https:\/\/api.w.org\/{rel}","templated":true}]}}