{"id":5524,"date":"2026-04-05T21:02:19","date_gmt":"2026-04-06T00:02:19","guid":{"rendered":"https:\/\/hcrepresentations.com\/?post_type=product&#038;p=5524"},"modified":"2026-04-05T21:04:57","modified_gmt":"2026-04-06T00:04:57","slug":"base-mega-fortalecedora-uze-nails","status":"publish","type":"product","link":"https:\/\/hcrepresentations.com\/es\/producto\/base-mega-fortalecedora-uze-nails\/","title":{"rendered":"Base Mega Fortalecedora de Uze Nails"},"content":{"rendered":"","protected":false},"excerpt":{"rendered":"<p>Base Mega Fortalecedora Uze Nails: Esencias de la Amazon\u00eda<\/p>\n<p>Base tradicional dise\u00f1ada para fortalecer y proteger las u\u00f1as en el d\u00eda a d\u00eda. Ayuda a aumentar la resistencia, mejorar la duraci\u00f3n del esmalte tradicional y preparar la u\u00f1a para aplicar el color, garantizando un acabado m\u00e1s uniforme y bonito.<\/p>","protected":false},"featured_media":5486,"comment_status":"open","ping_status":"closed","template":"","meta":[],"product_brand":[],"product_cat":[146,137],"product_tag":[],"class_list":{"0":"post-5524","1":"product","2":"type-product","3":"status-publish","4":"has-post-thumbnail","6":"product_cat-esmaltes-regulares","7":"product_cat-uze","9":"first","10":"instock","11":"sale","12":"taxable","13":"shipping-taxable","14":"purchasable","15":"product-type-simple"},"_links":{"self":[{"href":"https:\/\/hcrepresentations.com\/es\/wp-json\/wp\/v2\/product\/5524","targetHints":{"allow":["GET"]}}],"collection":[{"href":"https:\/\/hcrepresentations.com\/es\/wp-json\/wp\/v2\/product"}],"about":[{"href":"https:\/\/hcrepresentations.com\/es\/wp-json\/wp\/v2\/types\/product"}],"replies":[{"embeddable":true,"href":"https:\/\/hcrepresentations.com\/es\/wp-json\/wp\/v2\/comments?post=5524"}],"wp:featuredmedia":[{"embeddable":true,"href":"https:\/\/hcrepresentations.com\/es\/wp-json\/wp\/v2\/media\/5486"}],"wp:attachment":[{"href":"https:\/\/hcrepresentations.com\/es\/wp-json\/wp\/v2\/media?parent=5524"}],"wp:term":[{"taxonomy":"product_brand","embeddable":true,"href":"https:\/\/hcrepresentations.com\/es\/wp-json\/wp\/v2\/product_brand?post=5524"},{"taxonomy":"product_cat","embeddable":true,"href":"https:\/\/hcrepresentations.com\/es\/wp-json\/wp\/v2\/product_cat?post=5524"},{"taxonomy":"product_tag","embeddable":true,"href":"https:\/\/hcrepresentations.com\/es\/wp-json\/wp\/v2\/product_tag?post=5524"}],"curies":[{"name":"wp","href":"https:\/\/api.w.org\/{rel}","templated":true}]}}