{"id":2693,"date":"2023-07-26T13:39:11","date_gmt":"2023-07-26T16:39:11","guid":{"rendered":"https:\/\/hcrepresentation.com\/?post_type=product&#038;p=2693"},"modified":"2026-01-27T23:29:26","modified_gmt":"2026-01-28T02:29:26","slug":"super-clear-gel-by-bluwe","status":"publish","type":"product","link":"https:\/\/hcrepresentations.com\/pt\/produto\/super-clear-gel-by-bluwe\/","title":{"rendered":"Gel Super Clear da Bluwe"},"content":{"rendered":"","protected":false},"excerpt":{"rendered":"<p>O Super Clear Gel da Bluwe \u00e9 um produto em gel de alta qualidade que oferece um acabamento cristalino e transparente para suas unhas. Esse gel vers\u00e1til foi projetado para proporcionar uma apar\u00eancia impec\u00e1vel e v\u00edtrea, real\u00e7ando a beleza natural da sua manicure.<\/p>","protected":false},"featured_media":2675,"comment_status":"closed","ping_status":"closed","template":"","meta":[],"product_brand":[],"product_cat":[98],"product_tag":[],"class_list":{"0":"post-2693","1":"product","2":"type-product","3":"status-publish","4":"has-post-thumbnail","6":"product_cat-bluwe","8":"first","9":"instock","10":"taxable","11":"shipping-taxable","12":"purchasable","13":"product-type-simple"},"_links":{"self":[{"href":"https:\/\/hcrepresentations.com\/pt\/wp-json\/wp\/v2\/product\/2693","targetHints":{"allow":["GET"]}}],"collection":[{"href":"https:\/\/hcrepresentations.com\/pt\/wp-json\/wp\/v2\/product"}],"about":[{"href":"https:\/\/hcrepresentations.com\/pt\/wp-json\/wp\/v2\/types\/product"}],"replies":[{"embeddable":true,"href":"https:\/\/hcrepresentations.com\/pt\/wp-json\/wp\/v2\/comments?post=2693"}],"wp:featuredmedia":[{"embeddable":true,"href":"https:\/\/hcrepresentations.com\/pt\/wp-json\/wp\/v2\/media\/2675"}],"wp:attachment":[{"href":"https:\/\/hcrepresentations.com\/pt\/wp-json\/wp\/v2\/media?parent=2693"}],"wp:term":[{"taxonomy":"product_brand","embeddable":true,"href":"https:\/\/hcrepresentations.com\/pt\/wp-json\/wp\/v2\/product_brand?post=2693"},{"taxonomy":"product_cat","embeddable":true,"href":"https:\/\/hcrepresentations.com\/pt\/wp-json\/wp\/v2\/product_cat?post=2693"},{"taxonomy":"product_tag","embeddable":true,"href":"https:\/\/hcrepresentations.com\/pt\/wp-json\/wp\/v2\/product_tag?post=2693"}],"curies":[{"name":"wp","href":"https:\/\/api.w.org\/{rel}","templated":true}]}}