{"id":2810,"date":"2023-07-27T23:46:47","date_gmt":"2023-07-28T02:46:47","guid":{"rendered":"https:\/\/hcrepresentation.com\/?post_type=product&#038;p=2810"},"modified":"2025-12-07T16:02:29","modified_gmt":"2025-12-07T19:02:29","slug":"liquigel","status":"publish","type":"product","link":"https:\/\/hcrepresentations.com\/pt\/produto\/liquigel\/","title":{"rendered":"LiquiGel"},"content":{"rendered":"","protected":false},"excerpt":{"rendered":"<p>Pioneiro no mercado, o LiquiGel da Bluwe \u00e9 uma inova\u00e7\u00e3o no universo das unhas. Com ele, voc\u00ea pode ajustar a viscosidade do produto conforme desejar. Adicione algumas gotas de LiquiGel ao seu produto e ele se tornar\u00e1 menos viscoso (mais l\u00edquido). Como m\u00e1gica!<\/p>\n<p>COMO USAR: Recomenda-se adicionar aproximadamente 10 gotas se voc\u00ea quiser reduzir ligeiramente a viscosidade. Se voc\u00ea quiser uma redu\u00e7\u00e3o significativa da viscosidade, use mais de 10 gotas. Deixe descansar. Pode ser usado em Top Coats, Camouflage e Bluwe Gels.<\/p>","protected":false},"featured_media":2771,"comment_status":"closed","ping_status":"closed","template":"","meta":[],"product_brand":[],"product_cat":[98],"product_tag":[],"class_list":{"0":"post-2810","1":"product","2":"type-product","3":"status-publish","4":"has-post-thumbnail","6":"product_cat-bluwe","8":"first","9":"instock","10":"taxable","11":"shipping-taxable","12":"purchasable","13":"product-type-simple"},"_links":{"self":[{"href":"https:\/\/hcrepresentations.com\/pt\/wp-json\/wp\/v2\/product\/2810","targetHints":{"allow":["GET"]}}],"collection":[{"href":"https:\/\/hcrepresentations.com\/pt\/wp-json\/wp\/v2\/product"}],"about":[{"href":"https:\/\/hcrepresentations.com\/pt\/wp-json\/wp\/v2\/types\/product"}],"replies":[{"embeddable":true,"href":"https:\/\/hcrepresentations.com\/pt\/wp-json\/wp\/v2\/comments?post=2810"}],"wp:featuredmedia":[{"embeddable":true,"href":"https:\/\/hcrepresentations.com\/pt\/wp-json\/wp\/v2\/media\/2771"}],"wp:attachment":[{"href":"https:\/\/hcrepresentations.com\/pt\/wp-json\/wp\/v2\/media?parent=2810"}],"wp:term":[{"taxonomy":"product_brand","embeddable":true,"href":"https:\/\/hcrepresentations.com\/pt\/wp-json\/wp\/v2\/product_brand?post=2810"},{"taxonomy":"product_cat","embeddable":true,"href":"https:\/\/hcrepresentations.com\/pt\/wp-json\/wp\/v2\/product_cat?post=2810"},{"taxonomy":"product_tag","embeddable":true,"href":"https:\/\/hcrepresentations.com\/pt\/wp-json\/wp\/v2\/product_tag?post=2810"}],"curies":[{"name":"wp","href":"https:\/\/api.w.org\/{rel}","templated":true}]}}