{"id":2817,"date":"2023-07-27T23:46:48","date_gmt":"2023-07-28T02:46:48","guid":{"rendered":"https:\/\/hcrepresentation.com\/?post_type=product&#038;p=2817"},"modified":"2025-10-27T16:23:43","modified_gmt":"2025-10-27T19:23:43","slug":"bluwe-natural-pink-base-coat-gel","status":"publish","type":"product","link":"https:\/\/hcrepresentations.com\/pt\/produto\/bluwe-natural-pink-base-coat-gel\/","title":{"rendered":"Bluwe Natural Pink Base Coat Gel"},"content":{"rendered":"","protected":false},"excerpt":{"rendered":"<p>O Bluwe Natural Pink Base Coat Gel \u00e9 um produto indispens\u00e1vel para criar unhas bonitas e com apar\u00eancia natural. Esse gel de alta qualidade foi cuidadosamente formulado para servir como uma camada de base vers\u00e1til, proporcionando a base perfeita para v\u00e1rios procedimentos nas unhas.<\/p>\n<p>O Gel Natural Pink Base Coat oferece uma aplica\u00e7\u00e3o perfeita e uma tonalidade rosa natural e suave para real\u00e7ar a cor natural das unhas. Ele ajuda a criar uma tela impec\u00e1vel para outras melhorias nas unhas, garantindo \u00f3tima ader\u00eancia e durabilidade.<\/p>","protected":false},"featured_media":2793,"comment_status":"closed","ping_status":"closed","template":"","meta":[],"product_brand":[],"product_cat":[98],"product_tag":[],"class_list":{"0":"post-2817","1":"product","2":"type-product","3":"status-publish","4":"has-post-thumbnail","6":"product_cat-bluwe","8":"first","9":"instock","10":"taxable","11":"shipping-taxable","12":"purchasable","13":"product-type-simple"},"_links":{"self":[{"href":"https:\/\/hcrepresentations.com\/pt\/wp-json\/wp\/v2\/product\/2817","targetHints":{"allow":["GET"]}}],"collection":[{"href":"https:\/\/hcrepresentations.com\/pt\/wp-json\/wp\/v2\/product"}],"about":[{"href":"https:\/\/hcrepresentations.com\/pt\/wp-json\/wp\/v2\/types\/product"}],"replies":[{"embeddable":true,"href":"https:\/\/hcrepresentations.com\/pt\/wp-json\/wp\/v2\/comments?post=2817"}],"wp:featuredmedia":[{"embeddable":true,"href":"https:\/\/hcrepresentations.com\/pt\/wp-json\/wp\/v2\/media\/2793"}],"wp:attachment":[{"href":"https:\/\/hcrepresentations.com\/pt\/wp-json\/wp\/v2\/media?parent=2817"}],"wp:term":[{"taxonomy":"product_brand","embeddable":true,"href":"https:\/\/hcrepresentations.com\/pt\/wp-json\/wp\/v2\/product_brand?post=2817"},{"taxonomy":"product_cat","embeddable":true,"href":"https:\/\/hcrepresentations.com\/pt\/wp-json\/wp\/v2\/product_cat?post=2817"},{"taxonomy":"product_tag","embeddable":true,"href":"https:\/\/hcrepresentations.com\/pt\/wp-json\/wp\/v2\/product_tag?post=2817"}],"curies":[{"name":"wp","href":"https:\/\/api.w.org\/{rel}","templated":true}]}}