{"id":2823,"date":"2023-07-27T23:46:48","date_gmt":"2023-07-28T02:46:48","guid":{"rendered":"https:\/\/hcrepresentation.com\/?post_type=product&#038;p=2823"},"modified":"2026-02-04T23:42:35","modified_gmt":"2026-02-05T02:42:35","slug":"querido-pink-builder-gel","status":"publish","type":"product","link":"https:\/\/hcrepresentations.com\/pt\/produto\/querido-pink-builder-gel\/","title":{"rendered":"Querido Pink Gel"},"content":{"rendered":"","protected":false},"excerpt":{"rendered":"<p>Apresentamos o Bluwe Querido Pink Builder Gel, um gel vibrante e intensamente pigmentado com cobertura m\u00e9dia e um subtom frio. Esse gel construtor foi meticulosamente criado para ter um desempenho incr\u00edvel em qualquer tipo de unha natural.<\/p>\n<p>Com uma formula\u00e7\u00e3o inovadora, o Querido Pink Builder Gel apresenta a tecnologia CurvaturaSmart, que proporciona estrutura e naturalidade, garantindo resist\u00eancia e durabilidade not\u00e1veis. Sua tonalidade rosa intensa permite criar unhas deslumbrantes e de apar\u00eancia natural, elevando sua nail art a um n\u00edvel totalmente novo.<\/p>\n<p>Ideal para todos os est\u00e1gios de extens\u00f5es de unhas, desde a camada de base at\u00e9 o ponto de estresse, esse gel construtor \u00e9 uma solu\u00e7\u00e3o vers\u00e1til para obter aprimoramentos de unhas perfeitos e dur\u00e1veis.<\/p>\n<p>Como usar:<br \/>\nAplique camadas do produto na unha, modelando-a como desejar, e cure sob luz UV por 120 segundos.<\/p>","protected":false},"featured_media":2797,"comment_status":"closed","ping_status":"closed","template":"","meta":[],"product_brand":[],"product_cat":[98],"product_tag":[],"class_list":{"0":"post-2823","1":"product","2":"type-product","3":"status-publish","4":"has-post-thumbnail","6":"product_cat-bluwe","8":"first","9":"instock","10":"taxable","11":"shipping-taxable","12":"purchasable","13":"product-type-simple"},"_links":{"self":[{"href":"https:\/\/hcrepresentations.com\/pt\/wp-json\/wp\/v2\/product\/2823","targetHints":{"allow":["GET"]}}],"collection":[{"href":"https:\/\/hcrepresentations.com\/pt\/wp-json\/wp\/v2\/product"}],"about":[{"href":"https:\/\/hcrepresentations.com\/pt\/wp-json\/wp\/v2\/types\/product"}],"replies":[{"embeddable":true,"href":"https:\/\/hcrepresentations.com\/pt\/wp-json\/wp\/v2\/comments?post=2823"}],"wp:featuredmedia":[{"embeddable":true,"href":"https:\/\/hcrepresentations.com\/pt\/wp-json\/wp\/v2\/media\/2797"}],"wp:attachment":[{"href":"https:\/\/hcrepresentations.com\/pt\/wp-json\/wp\/v2\/media?parent=2823"}],"wp:term":[{"taxonomy":"product_brand","embeddable":true,"href":"https:\/\/hcrepresentations.com\/pt\/wp-json\/wp\/v2\/product_brand?post=2823"},{"taxonomy":"product_cat","embeddable":true,"href":"https:\/\/hcrepresentations.com\/pt\/wp-json\/wp\/v2\/product_cat?post=2823"},{"taxonomy":"product_tag","embeddable":true,"href":"https:\/\/hcrepresentations.com\/pt\/wp-json\/wp\/v2\/product_tag?post=2823"}],"curies":[{"name":"wp","href":"https:\/\/api.w.org\/{rel}","templated":true}]}}