{"id":2906,"date":"2023-08-01T23:14:42","date_gmt":"2023-08-02T02:14:42","guid":{"rendered":"https:\/\/hcrepresentation.com\/?post_type=product&#038;p=2906"},"modified":"2024-11-13T10:24:33","modified_gmt":"2024-11-13T13:24:33","slug":"repos-almond-scrub-medium-abrasion-8-45-fl-oz-250g","status":"publish","type":"product","link":"https:\/\/hcrepresentations.com\/pt\/produto\/repos-almond-scrub-medium-abrasion-8-45-fl-oz-250g\/","title":{"rendered":"Repos Almond Scrub (Medium Abrasion) 250g (8,45 fl. oz)"},"content":{"rendered":"","protected":false},"excerpt":{"rendered":"<p>O Repos Almond Scrub cont\u00e9m am\u00eandoas mo\u00eddas em sua formula\u00e7\u00e3o, que n\u00e3o apenas esfoliam a pele, mas tamb\u00e9m a regeneram e proporcionam maciez.<\/p>\n<p>A maioria dos antioxidantes \u00e9 encontrada na casca da am\u00eandoa, e os benef\u00edcios para a pele s\u00e3o incr\u00edveis. Por esse motivo, a Repos usou am\u00eandoas mo\u00eddas em seu esfoliante.<\/p>\n<p>Os gr\u00e3os de am\u00eandoa mo\u00eddos foram especialmente tratados e formulados para proteger a pele contra o estresse oxidativo, criando uma prote\u00e7\u00e3o mais eficaz contra os raios UV e prevenindo o envelhecimento prematuro da pele.<\/p>","protected":false},"featured_media":3141,"comment_status":"closed","ping_status":"closed","template":"","meta":[],"product_brand":[],"product_cat":[106],"product_tag":[],"class_list":{"0":"post-2906","1":"product","2":"type-product","3":"status-publish","4":"has-post-thumbnail","6":"product_cat-repos","8":"first","9":"instock","10":"taxable","11":"shipping-taxable","12":"purchasable","13":"product-type-simple"},"_links":{"self":[{"href":"https:\/\/hcrepresentations.com\/pt\/wp-json\/wp\/v2\/product\/2906","targetHints":{"allow":["GET"]}}],"collection":[{"href":"https:\/\/hcrepresentations.com\/pt\/wp-json\/wp\/v2\/product"}],"about":[{"href":"https:\/\/hcrepresentations.com\/pt\/wp-json\/wp\/v2\/types\/product"}],"replies":[{"embeddable":true,"href":"https:\/\/hcrepresentations.com\/pt\/wp-json\/wp\/v2\/comments?post=2906"}],"wp:featuredmedia":[{"embeddable":true,"href":"https:\/\/hcrepresentations.com\/pt\/wp-json\/wp\/v2\/media\/3141"}],"wp:attachment":[{"href":"https:\/\/hcrepresentations.com\/pt\/wp-json\/wp\/v2\/media?parent=2906"}],"wp:term":[{"taxonomy":"product_brand","embeddable":true,"href":"https:\/\/hcrepresentations.com\/pt\/wp-json\/wp\/v2\/product_brand?post=2906"},{"taxonomy":"product_cat","embeddable":true,"href":"https:\/\/hcrepresentations.com\/pt\/wp-json\/wp\/v2\/product_cat?post=2906"},{"taxonomy":"product_tag","embeddable":true,"href":"https:\/\/hcrepresentations.com\/pt\/wp-json\/wp\/v2\/product_tag?post=2906"}],"curies":[{"name":"wp","href":"https:\/\/api.w.org\/{rel}","templated":true}]}}