{"id":2911,"date":"2023-08-01T23:14:42","date_gmt":"2023-08-02T02:14:42","guid":{"rendered":"https:\/\/hcrepresentation.com\/?post_type=product&#038;p=2911"},"modified":"2026-04-15T17:18:14","modified_gmt":"2026-04-15T20:18:14","slug":"repos-urea-hands-and-feet-cream-17-64-fl-oz-500g","status":"publish","type":"product","link":"https:\/\/hcrepresentations.com\/pt\/produto\/repos-urea-hands-and-feet-cream-17-64-fl-oz-500g\/","title":{"rendered":"Creme para M\u00e3os e P\u00e9s com Ureia 17,64 fl oz (500g)"},"content":{"rendered":"","protected":false},"excerpt":{"rendered":"<p>O Creme para M\u00e3os e P\u00e9s Repos hidrata e amacia a pele, prevenindo o ressecamento e eliminando a aspereza e as rachaduras, proporcionando uma sensa\u00e7\u00e3o de maciez, conforto e frescor. Vamos conhecer um pouco mais sobre esse maravilhoso creme! A ureia \u00e9 um componente org\u00e2nico que faz parte do fator de hidrata\u00e7\u00e3o natural. Quando aplicada topicamente, ela aumenta a capacidade da pele de reter \u00e1gua, promovendo maior hidrata\u00e7\u00e3o do tecido e reduzindo a espessura da pele.<\/p>","protected":false},"featured_media":3145,"comment_status":"closed","ping_status":"closed","template":"","meta":[],"product_brand":[],"product_cat":[106],"product_tag":[],"class_list":{"0":"post-2911","1":"product","2":"type-product","3":"status-publish","4":"has-post-thumbnail","6":"product_cat-repos","8":"first","9":"instock","10":"taxable","11":"shipping-taxable","12":"purchasable","13":"product-type-simple"},"_links":{"self":[{"href":"https:\/\/hcrepresentations.com\/pt\/wp-json\/wp\/v2\/product\/2911","targetHints":{"allow":["GET"]}}],"collection":[{"href":"https:\/\/hcrepresentations.com\/pt\/wp-json\/wp\/v2\/product"}],"about":[{"href":"https:\/\/hcrepresentations.com\/pt\/wp-json\/wp\/v2\/types\/product"}],"replies":[{"embeddable":true,"href":"https:\/\/hcrepresentations.com\/pt\/wp-json\/wp\/v2\/comments?post=2911"}],"wp:featuredmedia":[{"embeddable":true,"href":"https:\/\/hcrepresentations.com\/pt\/wp-json\/wp\/v2\/media\/3145"}],"wp:attachment":[{"href":"https:\/\/hcrepresentations.com\/pt\/wp-json\/wp\/v2\/media?parent=2911"}],"wp:term":[{"taxonomy":"product_brand","embeddable":true,"href":"https:\/\/hcrepresentations.com\/pt\/wp-json\/wp\/v2\/product_brand?post=2911"},{"taxonomy":"product_cat","embeddable":true,"href":"https:\/\/hcrepresentations.com\/pt\/wp-json\/wp\/v2\/product_cat?post=2911"},{"taxonomy":"product_tag","embeddable":true,"href":"https:\/\/hcrepresentations.com\/pt\/wp-json\/wp\/v2\/product_tag?post=2911"}],"curies":[{"name":"wp","href":"https:\/\/api.w.org\/{rel}","templated":true}]}}