{"id":4217,"date":"2025-05-02T22:58:28","date_gmt":"2025-05-03T01:58:28","guid":{"rendered":"https:\/\/hcrepresentations.com\/?post_type=product&#038;p=4217"},"modified":"2025-12-29T22:19:57","modified_gmt":"2025-12-30T01:19:57","slug":"top-coat-clear-diamond","status":"publish","type":"product","link":"https:\/\/hcrepresentations.com\/pt\/produto\/top-coat-clear-diamond\/","title":{"rendered":"Top Coat Clear Diamond"},"content":{"rendered":"","protected":false},"excerpt":{"rendered":"<p>Top Coat Clear Diamond 12ml<\/p>\n<p>Pensado para profissionais exigentes, cada produto Uze Nails \u00e9 desenvolvido com alto padr\u00e3o de qualidade, priorizando desempenho, seguran\u00e7a e cuidado com a sa\u00fade natural das unhas.<\/p>\n<p>Fun\u00e7\u00e3o:<\/p>\n<p>O Top Coat Clear Diamond Uze Nails \u00e9 desenvolvido com a tecnologia Crosslink, que forma uma estrutura totalmente transparente, com brilho espelhado tipo diamante e alta resist\u00eancia a riscos.<\/p>\n<p>Sua f\u00f3rmula \u00e9 extremamente fina, de baixa densidade e alta durabilidade. N\u00e3o amarela e mant\u00e9m o acabamento impec\u00e1vel mesmo em contato com acetona, \u00e1lcool ou pigmentos de maquiagem.<\/p>\n<p>Benef\u00edcios:<\/p>\n<p>- Brilho espelhado<br \/>\n- Prote\u00e7\u00e3o contra riscos<br \/>\n- Baixa densidade (fino)<br \/>\n- N\u00e3o amarela<br \/>\n- Frasco resistente \u00e0 luz ultravioleta<br \/>\nModo de uso:<\/p>\n<p>Ap\u00f3s o acabamento, remova todo o res\u00edduo de p\u00f3 com o Prep Higienizador Uze Nails e aguarde a evapora\u00e7\u00e3o completa do produto. Com a estrutura seca, aplique uma camada fina do Top Coat Clear Diamond Uze Nails diretamente sobre a unha, utilizando o pincel do frasco e tomando cuidado para n\u00e3o encostar na cut\u00edcula.<br \/>\nEspalhe o produto de forma uniforme, promovendo o nivelamento por toda a extens\u00e3o do leito ungueal.<\/p>\n<p>Leve \u00e0 cabine LED\/UV por 60 segundos para a cura completa.<\/p>\n<p>Diferenciais Uze:<\/p>\n<p>Hema Free<br \/>\nSem TPO<\/p>","protected":false},"featured_media":5154,"comment_status":"open","ping_status":"closed","template":"","meta":[],"product_brand":[],"product_cat":[137],"product_tag":[],"class_list":{"0":"post-4217","1":"product","2":"type-product","3":"status-publish","4":"has-post-thumbnail","6":"product_cat-uze","8":"first","9":"instock","10":"taxable","11":"shipping-taxable","12":"purchasable","13":"product-type-simple"},"_links":{"self":[{"href":"https:\/\/hcrepresentations.com\/pt\/wp-json\/wp\/v2\/product\/4217","targetHints":{"allow":["GET"]}}],"collection":[{"href":"https:\/\/hcrepresentations.com\/pt\/wp-json\/wp\/v2\/product"}],"about":[{"href":"https:\/\/hcrepresentations.com\/pt\/wp-json\/wp\/v2\/types\/product"}],"replies":[{"embeddable":true,"href":"https:\/\/hcrepresentations.com\/pt\/wp-json\/wp\/v2\/comments?post=4217"}],"wp:featuredmedia":[{"embeddable":true,"href":"https:\/\/hcrepresentations.com\/pt\/wp-json\/wp\/v2\/media\/5154"}],"wp:attachment":[{"href":"https:\/\/hcrepresentations.com\/pt\/wp-json\/wp\/v2\/media?parent=4217"}],"wp:term":[{"taxonomy":"product_brand","embeddable":true,"href":"https:\/\/hcrepresentations.com\/pt\/wp-json\/wp\/v2\/product_brand?post=4217"},{"taxonomy":"product_cat","embeddable":true,"href":"https:\/\/hcrepresentations.com\/pt\/wp-json\/wp\/v2\/product_cat?post=4217"},{"taxonomy":"product_tag","embeddable":true,"href":"https:\/\/hcrepresentations.com\/pt\/wp-json\/wp\/v2\/product_tag?post=4217"}],"curies":[{"name":"wp","href":"https:\/\/api.w.org\/{rel}","templated":true}]}}