{"id":4278,"date":"2025-06-17T22:53:24","date_gmt":"2025-06-18T01:53:24","guid":{"rendered":"https:\/\/hcrepresentations.com\/?post_type=product&#038;p=4278"},"modified":"2025-11-12T01:05:05","modified_gmt":"2025-11-12T04:05:05","slug":"sache-control-nude-2","status":"publish","type":"product","link":"https:\/\/hcrepresentations.com\/pt\/produto\/sache-control-nude-2\/","title":{"rendered":"Sach\u00ea Control Nude"},"content":{"rendered":"","protected":false},"excerpt":{"rendered":"<p>V\u00f3lia 14g<\/p>\n<p>&nbsp;<\/p>\n<p>O seu gel V\u00f3lia em sach\u00ea, garantindo maior economia para voc\u00ea e maior cuidado com o meio ambiente! O Gel Control Nude V\u00f3lia \u00e9 um gel construtor de nivelamento controlado para todos os tipos de alongamento. Sua alta viscosidade permite total controle na aplica\u00e7\u00e3o - sem escorrer - sendo ideal para decora\u00e7\u00f5es como francesas reversas, babyboomer e manuten\u00e7\u00f5es.<\/p>","protected":false},"featured_media":4260,"comment_status":"open","ping_status":"closed","template":"","meta":[],"product_brand":[],"product_cat":[100],"product_tag":[],"class_list":{"0":"post-4278","1":"product","2":"type-product","3":"status-publish","4":"has-post-thumbnail","6":"product_cat-volia","8":"first","9":"instock","10":"taxable","11":"shipping-taxable","12":"purchasable","13":"product-type-simple"},"_links":{"self":[{"href":"https:\/\/hcrepresentations.com\/pt\/wp-json\/wp\/v2\/product\/4278","targetHints":{"allow":["GET"]}}],"collection":[{"href":"https:\/\/hcrepresentations.com\/pt\/wp-json\/wp\/v2\/product"}],"about":[{"href":"https:\/\/hcrepresentations.com\/pt\/wp-json\/wp\/v2\/types\/product"}],"replies":[{"embeddable":true,"href":"https:\/\/hcrepresentations.com\/pt\/wp-json\/wp\/v2\/comments?post=4278"}],"wp:featuredmedia":[{"embeddable":true,"href":"https:\/\/hcrepresentations.com\/pt\/wp-json\/wp\/v2\/media\/4260"}],"wp:attachment":[{"href":"https:\/\/hcrepresentations.com\/pt\/wp-json\/wp\/v2\/media?parent=4278"}],"wp:term":[{"taxonomy":"product_brand","embeddable":true,"href":"https:\/\/hcrepresentations.com\/pt\/wp-json\/wp\/v2\/product_brand?post=4278"},{"taxonomy":"product_cat","embeddable":true,"href":"https:\/\/hcrepresentations.com\/pt\/wp-json\/wp\/v2\/product_cat?post=4278"},{"taxonomy":"product_tag","embeddable":true,"href":"https:\/\/hcrepresentations.com\/pt\/wp-json\/wp\/v2\/product_tag?post=4278"}],"curies":[{"name":"wp","href":"https:\/\/api.w.org\/{rel}","templated":true}]}}