{"id":4296,"date":"2025-06-17T23:24:25","date_gmt":"2025-06-18T02:24:25","guid":{"rendered":"https:\/\/hcrepresentations.com\/?post_type=product&#038;p=4296"},"modified":"2025-06-17T23:24:25","modified_gmt":"2025-06-18T02:24:25","slug":"top-coat-eggshell-matte-sache","status":"publish","type":"product","link":"https:\/\/hcrepresentations.com\/pt\/produto\/top-coat-eggshell-matte-sache\/","title":{"rendered":"Cobertura superior - Eggshell Matte Sach\u00ea"},"content":{"rendered":"","protected":false},"excerpt":{"rendered":"<p>O Top Coat Egshell Matte da V\u00f3lia possui um acabamento fosco com delicadas part\u00edculas pretas que criam o fascinante efeito de casca de ovo. Atua como selante em gel de forma a proporcionar maior resist\u00eancia e durabilidade. Produto fotossens\u00edvel.<\/p>","protected":false},"featured_media":4297,"comment_status":"open","ping_status":"closed","template":"","meta":[],"product_brand":[],"product_cat":[100],"product_tag":[],"class_list":{"0":"post-4296","1":"product","2":"type-product","3":"status-publish","4":"has-post-thumbnail","6":"product_cat-volia","8":"first","9":"instock","10":"taxable","11":"shipping-taxable","12":"purchasable","13":"product-type-simple"},"_links":{"self":[{"href":"https:\/\/hcrepresentations.com\/pt\/wp-json\/wp\/v2\/product\/4296","targetHints":{"allow":["GET"]}}],"collection":[{"href":"https:\/\/hcrepresentations.com\/pt\/wp-json\/wp\/v2\/product"}],"about":[{"href":"https:\/\/hcrepresentations.com\/pt\/wp-json\/wp\/v2\/types\/product"}],"replies":[{"embeddable":true,"href":"https:\/\/hcrepresentations.com\/pt\/wp-json\/wp\/v2\/comments?post=4296"}],"wp:featuredmedia":[{"embeddable":true,"href":"https:\/\/hcrepresentations.com\/pt\/wp-json\/wp\/v2\/media\/4297"}],"wp:attachment":[{"href":"https:\/\/hcrepresentations.com\/pt\/wp-json\/wp\/v2\/media?parent=4296"}],"wp:term":[{"taxonomy":"product_brand","embeddable":true,"href":"https:\/\/hcrepresentations.com\/pt\/wp-json\/wp\/v2\/product_brand?post=4296"},{"taxonomy":"product_cat","embeddable":true,"href":"https:\/\/hcrepresentations.com\/pt\/wp-json\/wp\/v2\/product_cat?post=4296"},{"taxonomy":"product_tag","embeddable":true,"href":"https:\/\/hcrepresentations.com\/pt\/wp-json\/wp\/v2\/product_tag?post=4296"}],"curies":[{"name":"wp","href":"https:\/\/api.w.org\/{rel}","templated":true}]}}