{"id":4645,"date":"2025-08-15T14:11:14","date_gmt":"2025-08-15T17:11:14","guid":{"rendered":"https:\/\/hcrepresentations.com\/?post_type=product&#038;p=4645"},"modified":"2025-08-16T06:18:13","modified_gmt":"2025-08-16T09:18:13","slug":"fibra-vidro-rolo","status":"publish","type":"product","link":"https:\/\/hcrepresentations.com\/pt\/produto\/fibra-vidro-rolo\/","title":{"rendered":"Fibra de Vidro de Rolo"},"content":{"rendered":"","protected":false},"excerpt":{"rendered":"<p>#SoudeFibra \u00e9 a fibra de vidro perfeita para seus alongamentos.<\/p>\n<p>A embalagem vem com 4 metros de fibra macia, fina, n\u00e3o pinica, n\u00e3o co\u00e7a, vem higienizada e esterilizada para os seus atendimentos. Sua facilidade no manuseio o encanta. F\u00e1cil de abrir e de camuflar no contato com o gel.<\/p>\n<p>Modo de uso: A fibra de vidro deve ser uniformemente espalhada pelas unhas, de modo que se misture ao gel. \u00c9 recomendado que, ap\u00f3s a separa\u00e7\u00e3o da quantidade que ser\u00e1 utilizada, o produto seja armazenado novamente em sua embalagem de origem, a qual deve permanecer fechada. Recomendamos o uso de luvas em todos os procedimentos em mesa.<\/p>\n<p>- 4 metros de fibra de vidro;<br \/>\n- Fina e macia;<br \/>\n- F\u00e1cil camuflagem;<br \/>\n- N\u00e3o pinica e n\u00e3o co\u00e7a.<\/p>","protected":false},"featured_media":4508,"comment_status":"closed","ping_status":"closed","template":"","meta":[],"product_brand":[],"product_cat":[142],"product_tag":[],"class_list":{"0":"post-4645","1":"product","2":"type-product","3":"status-publish","4":"has-post-thumbnail","6":"product_cat-humma","8":"first","9":"instock","10":"taxable","11":"shipping-taxable","12":"purchasable","13":"product-type-simple"},"_links":{"self":[{"href":"https:\/\/hcrepresentations.com\/pt\/wp-json\/wp\/v2\/product\/4645","targetHints":{"allow":["GET"]}}],"collection":[{"href":"https:\/\/hcrepresentations.com\/pt\/wp-json\/wp\/v2\/product"}],"about":[{"href":"https:\/\/hcrepresentations.com\/pt\/wp-json\/wp\/v2\/types\/product"}],"replies":[{"embeddable":true,"href":"https:\/\/hcrepresentations.com\/pt\/wp-json\/wp\/v2\/comments?post=4645"}],"wp:featuredmedia":[{"embeddable":true,"href":"https:\/\/hcrepresentations.com\/pt\/wp-json\/wp\/v2\/media\/4508"}],"wp:attachment":[{"href":"https:\/\/hcrepresentations.com\/pt\/wp-json\/wp\/v2\/media?parent=4645"}],"wp:term":[{"taxonomy":"product_brand","embeddable":true,"href":"https:\/\/hcrepresentations.com\/pt\/wp-json\/wp\/v2\/product_brand?post=4645"},{"taxonomy":"product_cat","embeddable":true,"href":"https:\/\/hcrepresentations.com\/pt\/wp-json\/wp\/v2\/product_cat?post=4645"},{"taxonomy":"product_tag","embeddable":true,"href":"https:\/\/hcrepresentations.com\/pt\/wp-json\/wp\/v2\/product_tag?post=4645"}],"curies":[{"name":"wp","href":"https:\/\/api.w.org\/{rel}","templated":true}]}}