{"id":4652,"date":"2025-08-15T14:26:55","date_gmt":"2025-08-15T17:26:55","guid":{"rendered":"https:\/\/hcrepresentations.com\/?post_type=product&#038;p=4652"},"modified":"2025-08-16T06:42:43","modified_gmt":"2025-08-16T09:42:43","slug":"gel-clear-3-1","status":"publish","type":"product","link":"https:\/\/hcrepresentations.com\/pt\/produto\/gel-clear-3-1\/","title":{"rendered":"Gel Clear 3 em 1 - 28g"},"content":{"rendered":"","protected":false},"excerpt":{"rendered":"<p>1 GEL CLEA28G<\/p>\n<p>Gel Clear 3 em 1 para Unhas - 28g<\/p>\n<p>O Gel Clear 3 em 1 de 28g \u00e9 o produto perfeito para as unhas<br \/>\nDesigners que buscam qualidade e praticidade em seus<br \/>\ntrabalhos. Com sua f\u00f3rmula transparente, esse gel \u00e9 ideal<br \/>\npara uso no alongamento, decora\u00e7\u00f5es encapsuladas e<br \/>\nconstru\u00e7\u00e3o transparente das unhas.<\/p>\n<p>Al\u00e9m disso, o Gel Clear possui caracter\u00edsticas como<br \/>\nautonivelamento, cura r\u00e1pida e excelente resist\u00eancia,<br \/>\ngarantindo resultados impec\u00e1veis e duradouros. Sua<br \/>\nA viscosidade m\u00e9dia facilita a aplica\u00e7\u00e3o do produto,<br \/>\ntornando o processo mais eficiente.<\/p>\n<p>Invista no Gel Clear 3 em 1 para conquistar unhas incr\u00edveis<br \/>\ne encantar seus clientes com um acabamento profissional<br \/>\ne de alta qualidade. Adquira j\u00e1 o seu gel clear para unhas<br \/>\nfavorito!<\/p>","protected":false},"featured_media":4494,"comment_status":"closed","ping_status":"closed","template":"","meta":[],"product_brand":[],"product_cat":[142],"product_tag":[],"class_list":{"0":"post-4652","1":"product","2":"type-product","3":"status-publish","4":"has-post-thumbnail","6":"product_cat-humma","8":"first","9":"instock","10":"taxable","11":"shipping-taxable","12":"purchasable","13":"product-type-simple"},"_links":{"self":[{"href":"https:\/\/hcrepresentations.com\/pt\/wp-json\/wp\/v2\/product\/4652","targetHints":{"allow":["GET"]}}],"collection":[{"href":"https:\/\/hcrepresentations.com\/pt\/wp-json\/wp\/v2\/product"}],"about":[{"href":"https:\/\/hcrepresentations.com\/pt\/wp-json\/wp\/v2\/types\/product"}],"replies":[{"embeddable":true,"href":"https:\/\/hcrepresentations.com\/pt\/wp-json\/wp\/v2\/comments?post=4652"}],"wp:featuredmedia":[{"embeddable":true,"href":"https:\/\/hcrepresentations.com\/pt\/wp-json\/wp\/v2\/media\/4494"}],"wp:attachment":[{"href":"https:\/\/hcrepresentations.com\/pt\/wp-json\/wp\/v2\/media?parent=4652"}],"wp:term":[{"taxonomy":"product_brand","embeddable":true,"href":"https:\/\/hcrepresentations.com\/pt\/wp-json\/wp\/v2\/product_brand?post=4652"},{"taxonomy":"product_cat","embeddable":true,"href":"https:\/\/hcrepresentations.com\/pt\/wp-json\/wp\/v2\/product_cat?post=4652"},{"taxonomy":"product_tag","embeddable":true,"href":"https:\/\/hcrepresentations.com\/pt\/wp-json\/wp\/v2\/product_tag?post=4652"}],"curies":[{"name":"wp","href":"https:\/\/api.w.org\/{rel}","templated":true}]}}